{"id":188,"date":"2021-07-05T18:18:34","date_gmt":"2021-07-05T16:18:34","guid":{"rendered":"https:\/\/vosse-schepers.de\/landhotel\/?page_id=188"},"modified":"2022-03-31T12:25:03","modified_gmt":"2022-03-31T10:25:03","slug":"tagungen","status":"publish","type":"page","link":"https:\/\/vosse-schepers.de\/landhotel\/tagen-tafeln\/tagungen\/","title":{"rendered":"Tagungen"},"content":{"rendered":"\n<figure class=\"wp-block-image size-full is-resized is-style-default\"><img loading=\"lazy\" decoding=\"async\" src=\"https:\/\/vosse-schepers.de\/landhotel\/wp-content\/uploads\/2021\/07\/restaurant_slider.png\" alt=\"\" class=\"wp-image-148\" width=\"446\" height=\"199\" srcset=\"https:\/\/vosse-schepers.de\/landhotel\/wp-content\/uploads\/2021\/07\/restaurant_slider.png 630w, https:\/\/vosse-schepers.de\/landhotel\/wp-content\/uploads\/2021\/07\/restaurant_slider-300x134.png 300w\" sizes=\"auto, (max-width: 446px) 100vw, 446px\" \/><\/figure>\n\n\n\n<p>Sie veranstalten eine Tagung oder ein Seminar und haben noch nicht die passende R\u00e4umlichkeit f\u00fcr Ihre Zwecke gefunden? Wir k\u00f6nnen Ihnen helfen.<\/p>\n\n\n\n<p>F\u00fcr Tagungen oder Seminare ben\u00f6tigen Sie eine R\u00e4umlichkeit, die sowohl Ihre Konzentration, Kreativit\u00e4t und Produktivit\u00e4t f\u00f6rdert bzw. unterst\u00fctzt, als auch die Ihrer Teilnehmer.<\/p>\n\n\n\n<p>Wir bieten Ihnen f\u00fcr Ihre Veranstaltung das passende Ambiente, sympathischen Service und die notwendige Technik, um den Erfolg Ihrer Veranstaltung zu unterst\u00fctzen. Jeder unserer R\u00e4ume wird bei Tagungen, Seminaren oder Workshops mit dem gew\u00fcnschten Equipment ausger\u00fcstet. Falls Sie f\u00fcr Ihre Veranstaltung mehr als seine R\u00e4umlichkeit ben\u00f6tigen, haben Sie zum Beispiel die M\u00f6glichkeit eine weitere R\u00e4umlichkeit f\u00fcr Gruppenarbeiten zu nutzen.<\/p>\n\n\n\n<p>Ob Sie einen halben Tag, ganz- oder mehrt\u00e4gig tagen wir haben das richtige Arrangement f\u00fcr Sie.<\/p>\n\n\n\n<p>Weitere Informationen, wie Tagungspauschalen,\u00a0finden Sie in unserer Tagungsmappe.<\/p>\n","protected":false},"excerpt":{"rendered":"<p>Sie veranstalten eine Tagung oder ein Seminar und haben noch nicht die passende R\u00e4umlichkeit f\u00fcr Ihre Zwecke gefunden? Wir k\u00f6nnen<\/p>\n","protected":false},"author":1,"featured_media":0,"parent":177,"menu_order":0,"comment_status":"closed","ping_status":"closed","template":"","meta":{"ngg_post_thumbnail":0,"footnotes":""},"class_list":["post-188","page","type-page","status-publish","hentry"],"yoast_head":"<!-- This site is optimized with the Yoast SEO plugin v27.2 - https:\/\/yoast.com\/product\/yoast-seo-wordpress\/ -->\n<title>Tagungen - Landhotel Vosse Schepers<\/title>\n<meta name=\"robots\" content=\"index, follow, max-snippet:-1, max-image-preview:large, max-video-preview:-1\" \/>\n<link rel=\"canonical\" href=\"https:\/\/vosse-schepers.de\/landhotel\/tagen-tafeln\/tagungen\/\" \/>\n<meta property=\"og:locale\" content=\"de_DE\" \/>\n<meta property=\"og:type\" content=\"article\" \/>\n<meta property=\"og:title\" content=\"Tagungen - Landhotel Vosse Schepers\" \/>\n<meta property=\"og:description\" content=\"Sie veranstalten eine Tagung oder ein Seminar und haben noch nicht die passende R\u00e4umlichkeit f\u00fcr Ihre Zwecke gefunden? Wir k\u00f6nnen\" \/>\n<meta property=\"og:url\" content=\"https:\/\/vosse-schepers.de\/landhotel\/tagen-tafeln\/tagungen\/\" \/>\n<meta property=\"og:site_name\" content=\"Landhotel Vosse Schepers\" \/>\n<meta property=\"article:modified_time\" content=\"2022-03-31T10:25:03+00:00\" \/>\n<meta property=\"og:image\" content=\"https:\/\/vosse-schepers.de\/landhotel\/wp-content\/uploads\/2021\/07\/restaurant_slider.png\" \/>\n<meta name=\"twitter:card\" content=\"summary_large_image\" \/>\n<meta name=\"twitter:label1\" content=\"Gesch\u00e4tzte Lesezeit\" \/>\n\t<meta name=\"twitter:data1\" content=\"1\u00a0Minute\" \/>\n<script type=\"application\/ld+json\" class=\"yoast-schema-graph\">{\"@context\":\"https:\/\/schema.org\",\"@graph\":[{\"@type\":\"WebPage\",\"@id\":\"https:\/\/vosse-schepers.de\/landhotel\/tagen-tafeln\/tagungen\/\",\"url\":\"https:\/\/vosse-schepers.de\/landhotel\/tagen-tafeln\/tagungen\/\",\"name\":\"Tagungen - Landhotel Vosse Schepers\",\"isPartOf\":{\"@id\":\"https:\/\/vosse-schepers.de\/landhotel\/#website\"},\"primaryImageOfPage\":{\"@id\":\"https:\/\/vosse-schepers.de\/landhotel\/tagen-tafeln\/tagungen\/#primaryimage\"},\"image\":{\"@id\":\"https:\/\/vosse-schepers.de\/landhotel\/tagen-tafeln\/tagungen\/#primaryimage\"},\"thumbnailUrl\":\"https:\/\/vosse-schepers.de\/landhotel\/wp-content\/uploads\/2021\/07\/restaurant_slider.png\",\"datePublished\":\"2021-07-05T16:18:34+00:00\",\"dateModified\":\"2022-03-31T10:25:03+00:00\",\"breadcrumb\":{\"@id\":\"https:\/\/vosse-schepers.de\/landhotel\/tagen-tafeln\/tagungen\/#breadcrumb\"},\"inLanguage\":\"de\",\"potentialAction\":[{\"@type\":\"ReadAction\",\"target\":[\"https:\/\/vosse-schepers.de\/landhotel\/tagen-tafeln\/tagungen\/\"]}]},{\"@type\":\"ImageObject\",\"inLanguage\":\"de\",\"@id\":\"https:\/\/vosse-schepers.de\/landhotel\/tagen-tafeln\/tagungen\/#primaryimage\",\"url\":\"https:\/\/vosse-schepers.de\/landhotel\/wp-content\/uploads\/2021\/07\/restaurant_slider.png\",\"contentUrl\":\"https:\/\/vosse-schepers.de\/landhotel\/wp-content\/uploads\/2021\/07\/restaurant_slider.png\",\"width\":630,\"height\":281},{\"@type\":\"BreadcrumbList\",\"@id\":\"https:\/\/vosse-schepers.de\/landhotel\/tagen-tafeln\/tagungen\/#breadcrumb\",\"itemListElement\":[{\"@type\":\"ListItem\",\"position\":1,\"name\":\"Startseite\",\"item\":\"https:\/\/vosse-schepers.de\/landhotel\/\"},{\"@type\":\"ListItem\",\"position\":2,\"name\":\"Tagen &#038; Tafeln\",\"item\":\"https:\/\/vosse-schepers.de\/landhotel\/tagen-tafeln\/\"},{\"@type\":\"ListItem\",\"position\":3,\"name\":\"Tagungen\"}]},{\"@type\":\"WebSite\",\"@id\":\"https:\/\/vosse-schepers.de\/landhotel\/#website\",\"url\":\"https:\/\/vosse-schepers.de\/landhotel\/\",\"name\":\"Landhotel Vosse Schepers\",\"description\":\"\",\"publisher\":{\"@id\":\"https:\/\/vosse-schepers.de\/landhotel\/#organization\"},\"potentialAction\":[{\"@type\":\"SearchAction\",\"target\":{\"@type\":\"EntryPoint\",\"urlTemplate\":\"https:\/\/vosse-schepers.de\/landhotel\/?s={search_term_string}\"},\"query-input\":{\"@type\":\"PropertyValueSpecification\",\"valueRequired\":true,\"valueName\":\"search_term_string\"}}],\"inLanguage\":\"de\"},{\"@type\":\"Organization\",\"@id\":\"https:\/\/vosse-schepers.de\/landhotel\/#organization\",\"name\":\"Landhotel Vosse Schepers\",\"url\":\"https:\/\/vosse-schepers.de\/landhotel\/\",\"logo\":{\"@type\":\"ImageObject\",\"inLanguage\":\"de\",\"@id\":\"https:\/\/vosse-schepers.de\/landhotel\/#\/schema\/logo\/image\/\",\"url\":\"https:\/\/vosse-schepers.de\/landhotel\/wp-content\/uploads\/2021\/07\/LogoVosseGelb_weiss_Logo.png\",\"contentUrl\":\"https:\/\/vosse-schepers.de\/landhotel\/wp-content\/uploads\/2021\/07\/LogoVosseGelb_weiss_Logo.png\",\"width\":218,\"height\":150,\"caption\":\"Landhotel Vosse Schepers\"},\"image\":{\"@id\":\"https:\/\/vosse-schepers.de\/landhotel\/#\/schema\/logo\/image\/\"}}]}<\/script>\n<!-- \/ Yoast SEO plugin. -->","yoast_head_json":{"title":"Tagungen - Landhotel Vosse Schepers","robots":{"index":"index","follow":"follow","max-snippet":"max-snippet:-1","max-image-preview":"max-image-preview:large","max-video-preview":"max-video-preview:-1"},"canonical":"https:\/\/vosse-schepers.de\/landhotel\/tagen-tafeln\/tagungen\/","og_locale":"de_DE","og_type":"article","og_title":"Tagungen - Landhotel Vosse Schepers","og_description":"Sie veranstalten eine Tagung oder ein Seminar und haben noch nicht die passende R\u00e4umlichkeit f\u00fcr Ihre Zwecke gefunden? Wir k\u00f6nnen","og_url":"https:\/\/vosse-schepers.de\/landhotel\/tagen-tafeln\/tagungen\/","og_site_name":"Landhotel Vosse Schepers","article_modified_time":"2022-03-31T10:25:03+00:00","og_image":[{"url":"https:\/\/vosse-schepers.de\/landhotel\/wp-content\/uploads\/2021\/07\/restaurant_slider.png","type":"","width":"","height":""}],"twitter_card":"summary_large_image","twitter_misc":{"Gesch\u00e4tzte Lesezeit":"1\u00a0Minute"},"schema":{"@context":"https:\/\/schema.org","@graph":[{"@type":"WebPage","@id":"https:\/\/vosse-schepers.de\/landhotel\/tagen-tafeln\/tagungen\/","url":"https:\/\/vosse-schepers.de\/landhotel\/tagen-tafeln\/tagungen\/","name":"Tagungen - Landhotel Vosse Schepers","isPartOf":{"@id":"https:\/\/vosse-schepers.de\/landhotel\/#website"},"primaryImageOfPage":{"@id":"https:\/\/vosse-schepers.de\/landhotel\/tagen-tafeln\/tagungen\/#primaryimage"},"image":{"@id":"https:\/\/vosse-schepers.de\/landhotel\/tagen-tafeln\/tagungen\/#primaryimage"},"thumbnailUrl":"https:\/\/vosse-schepers.de\/landhotel\/wp-content\/uploads\/2021\/07\/restaurant_slider.png","datePublished":"2021-07-05T16:18:34+00:00","dateModified":"2022-03-31T10:25:03+00:00","breadcrumb":{"@id":"https:\/\/vosse-schepers.de\/landhotel\/tagen-tafeln\/tagungen\/#breadcrumb"},"inLanguage":"de","potentialAction":[{"@type":"ReadAction","target":["https:\/\/vosse-schepers.de\/landhotel\/tagen-tafeln\/tagungen\/"]}]},{"@type":"ImageObject","inLanguage":"de","@id":"https:\/\/vosse-schepers.de\/landhotel\/tagen-tafeln\/tagungen\/#primaryimage","url":"https:\/\/vosse-schepers.de\/landhotel\/wp-content\/uploads\/2021\/07\/restaurant_slider.png","contentUrl":"https:\/\/vosse-schepers.de\/landhotel\/wp-content\/uploads\/2021\/07\/restaurant_slider.png","width":630,"height":281},{"@type":"BreadcrumbList","@id":"https:\/\/vosse-schepers.de\/landhotel\/tagen-tafeln\/tagungen\/#breadcrumb","itemListElement":[{"@type":"ListItem","position":1,"name":"Startseite","item":"https:\/\/vosse-schepers.de\/landhotel\/"},{"@type":"ListItem","position":2,"name":"Tagen &#038; Tafeln","item":"https:\/\/vosse-schepers.de\/landhotel\/tagen-tafeln\/"},{"@type":"ListItem","position":3,"name":"Tagungen"}]},{"@type":"WebSite","@id":"https:\/\/vosse-schepers.de\/landhotel\/#website","url":"https:\/\/vosse-schepers.de\/landhotel\/","name":"Landhotel Vosse Schepers","description":"","publisher":{"@id":"https:\/\/vosse-schepers.de\/landhotel\/#organization"},"potentialAction":[{"@type":"SearchAction","target":{"@type":"EntryPoint","urlTemplate":"https:\/\/vosse-schepers.de\/landhotel\/?s={search_term_string}"},"query-input":{"@type":"PropertyValueSpecification","valueRequired":true,"valueName":"search_term_string"}}],"inLanguage":"de"},{"@type":"Organization","@id":"https:\/\/vosse-schepers.de\/landhotel\/#organization","name":"Landhotel Vosse Schepers","url":"https:\/\/vosse-schepers.de\/landhotel\/","logo":{"@type":"ImageObject","inLanguage":"de","@id":"https:\/\/vosse-schepers.de\/landhotel\/#\/schema\/logo\/image\/","url":"https:\/\/vosse-schepers.de\/landhotel\/wp-content\/uploads\/2021\/07\/LogoVosseGelb_weiss_Logo.png","contentUrl":"https:\/\/vosse-schepers.de\/landhotel\/wp-content\/uploads\/2021\/07\/LogoVosseGelb_weiss_Logo.png","width":218,"height":150,"caption":"Landhotel Vosse Schepers"},"image":{"@id":"https:\/\/vosse-schepers.de\/landhotel\/#\/schema\/logo\/image\/"}}]}},"_links":{"self":[{"href":"https:\/\/vosse-schepers.de\/landhotel\/wp-json\/wp\/v2\/pages\/188","targetHints":{"allow":["GET"]}}],"collection":[{"href":"https:\/\/vosse-schepers.de\/landhotel\/wp-json\/wp\/v2\/pages"}],"about":[{"href":"https:\/\/vosse-schepers.de\/landhotel\/wp-json\/wp\/v2\/types\/page"}],"author":[{"embeddable":true,"href":"https:\/\/vosse-schepers.de\/landhotel\/wp-json\/wp\/v2\/users\/1"}],"replies":[{"embeddable":true,"href":"https:\/\/vosse-schepers.de\/landhotel\/wp-json\/wp\/v2\/comments?post=188"}],"version-history":[{"count":4,"href":"https:\/\/vosse-schepers.de\/landhotel\/wp-json\/wp\/v2\/pages\/188\/revisions"}],"predecessor-version":[{"id":582,"href":"https:\/\/vosse-schepers.de\/landhotel\/wp-json\/wp\/v2\/pages\/188\/revisions\/582"}],"up":[{"embeddable":true,"href":"https:\/\/vosse-schepers.de\/landhotel\/wp-json\/wp\/v2\/pages\/177"}],"wp:attachment":[{"href":"https:\/\/vosse-schepers.de\/landhotel\/wp-json\/wp\/v2\/media?parent=188"}],"curies":[{"name":"wp","href":"https:\/\/api.w.org\/{rel}","templated":true}]}}