{"id":214,"date":"2021-07-05T19:08:02","date_gmt":"2021-07-05T17:08:02","guid":{"rendered":"https:\/\/vosse-schepers.de\/landhotel\/?page_id=214"},"modified":"2024-12-19T15:53:37","modified_gmt":"2024-12-19T14:53:37","slug":"dessert","status":"publish","type":"page","link":"https:\/\/vosse-schepers.de\/landhotel\/partyservice-catering\/dessert\/","title":{"rendered":"Dessert"},"content":{"rendered":"\n<p>Suchen Sie f\u00fcr Ihre Feierlichkeit zuhause&nbsp;noch das passende Dessert?<\/p>\n\n\n\n<p>F\u00fcr besondere Hochzeitsangebote, die wir selbstverst\u00e4ndlich auch zu Ihnen liefern, fragen Sie bitte an.<\/p>\n\n\n\n<p><a href=\"https:\/\/vosse-schepers.de\/landhotel\/wp-content\/uploads\/2024\/12\/Dessert-2030.pdf\" target=\"_blank\" rel=\"noreferrer noopener\">Dessert als PDF<\/a> herunterladen.<\/p>\n\n\n<a href=\"https:\/\/vosse-schepers.de\/landhotel\/wp-content\/uploads\/2024\/12\/Dessert-2030.pdf\" class=\"pdfemb-viewer\" style=\"\" data-width=\"max\" data-height=\"max\" data-toolbar=\"bottom\" data-toolbar-fixed=\"off\">Dessert-2030<\/a>","protected":false},"excerpt":{"rendered":"<p>Suchen Sie f\u00fcr Ihre Feierlichkeit zuhause&nbsp;noch das passende Dessert? F\u00fcr besondere Hochzeitsangebote, die wir selbstverst\u00e4ndlich auch zu Ihnen liefern, fragen<\/p>\n","protected":false},"author":1,"featured_media":0,"parent":150,"menu_order":0,"comment_status":"closed","ping_status":"closed","template":"","meta":{"ngg_post_thumbnail":0,"footnotes":""},"class_list":["post-214","page","type-page","status-publish","hentry"],"yoast_head":"<!-- This site is optimized with the Yoast SEO plugin v27.2 - https:\/\/yoast.com\/product\/yoast-seo-wordpress\/ -->\n<title>Dessert - Landhotel Vosse Schepers<\/title>\n<meta name=\"robots\" content=\"index, follow, max-snippet:-1, max-image-preview:large, max-video-preview:-1\" \/>\n<link rel=\"canonical\" href=\"https:\/\/vosse-schepers.de\/landhotel\/partyservice-catering\/dessert\/\" \/>\n<meta property=\"og:locale\" content=\"de_DE\" \/>\n<meta property=\"og:type\" content=\"article\" \/>\n<meta property=\"og:title\" content=\"Dessert - Landhotel Vosse Schepers\" \/>\n<meta property=\"og:description\" content=\"Suchen Sie f\u00fcr Ihre Feierlichkeit zuhause&nbsp;noch das passende Dessert? F\u00fcr besondere Hochzeitsangebote, die wir selbstverst\u00e4ndlich auch zu Ihnen liefern, fragen\" \/>\n<meta property=\"og:url\" content=\"https:\/\/vosse-schepers.de\/landhotel\/partyservice-catering\/dessert\/\" \/>\n<meta property=\"og:site_name\" content=\"Landhotel Vosse Schepers\" \/>\n<meta property=\"article:modified_time\" content=\"2024-12-19T14:53:37+00:00\" \/>\n<meta name=\"twitter:card\" content=\"summary_large_image\" \/>\n<meta name=\"twitter:label1\" content=\"Gesch\u00e4tzte Lesezeit\" \/>\n\t<meta name=\"twitter:data1\" content=\"1\u00a0Minute\" \/>\n<script type=\"application\/ld+json\" class=\"yoast-schema-graph\">{\"@context\":\"https:\/\/schema.org\",\"@graph\":[{\"@type\":\"WebPage\",\"@id\":\"https:\/\/vosse-schepers.de\/landhotel\/partyservice-catering\/dessert\/\",\"url\":\"https:\/\/vosse-schepers.de\/landhotel\/partyservice-catering\/dessert\/\",\"name\":\"Dessert - Landhotel Vosse Schepers\",\"isPartOf\":{\"@id\":\"https:\/\/vosse-schepers.de\/landhotel\/#website\"},\"datePublished\":\"2021-07-05T17:08:02+00:00\",\"dateModified\":\"2024-12-19T14:53:37+00:00\",\"breadcrumb\":{\"@id\":\"https:\/\/vosse-schepers.de\/landhotel\/partyservice-catering\/dessert\/#breadcrumb\"},\"inLanguage\":\"de\",\"potentialAction\":[{\"@type\":\"ReadAction\",\"target\":[\"https:\/\/vosse-schepers.de\/landhotel\/partyservice-catering\/dessert\/\"]}]},{\"@type\":\"BreadcrumbList\",\"@id\":\"https:\/\/vosse-schepers.de\/landhotel\/partyservice-catering\/dessert\/#breadcrumb\",\"itemListElement\":[{\"@type\":\"ListItem\",\"position\":1,\"name\":\"Startseite\",\"item\":\"https:\/\/vosse-schepers.de\/landhotel\/\"},{\"@type\":\"ListItem\",\"position\":2,\"name\":\"Partyservice\",\"item\":\"https:\/\/vosse-schepers.de\/landhotel\/partyservice-catering\/\"},{\"@type\":\"ListItem\",\"position\":3,\"name\":\"Dessert\"}]},{\"@type\":\"WebSite\",\"@id\":\"https:\/\/vosse-schepers.de\/landhotel\/#website\",\"url\":\"https:\/\/vosse-schepers.de\/landhotel\/\",\"name\":\"Landhotel Vosse Schepers\",\"description\":\"\",\"publisher\":{\"@id\":\"https:\/\/vosse-schepers.de\/landhotel\/#organization\"},\"potentialAction\":[{\"@type\":\"SearchAction\",\"target\":{\"@type\":\"EntryPoint\",\"urlTemplate\":\"https:\/\/vosse-schepers.de\/landhotel\/?s={search_term_string}\"},\"query-input\":{\"@type\":\"PropertyValueSpecification\",\"valueRequired\":true,\"valueName\":\"search_term_string\"}}],\"inLanguage\":\"de\"},{\"@type\":\"Organization\",\"@id\":\"https:\/\/vosse-schepers.de\/landhotel\/#organization\",\"name\":\"Landhotel Vosse Schepers\",\"url\":\"https:\/\/vosse-schepers.de\/landhotel\/\",\"logo\":{\"@type\":\"ImageObject\",\"inLanguage\":\"de\",\"@id\":\"https:\/\/vosse-schepers.de\/landhotel\/#\/schema\/logo\/image\/\",\"url\":\"https:\/\/vosse-schepers.de\/landhotel\/wp-content\/uploads\/2021\/07\/LogoVosseGelb_weiss_Logo.png\",\"contentUrl\":\"https:\/\/vosse-schepers.de\/landhotel\/wp-content\/uploads\/2021\/07\/LogoVosseGelb_weiss_Logo.png\",\"width\":218,\"height\":150,\"caption\":\"Landhotel Vosse Schepers\"},\"image\":{\"@id\":\"https:\/\/vosse-schepers.de\/landhotel\/#\/schema\/logo\/image\/\"}}]}<\/script>\n<!-- \/ Yoast SEO plugin. -->","yoast_head_json":{"title":"Dessert - Landhotel Vosse Schepers","robots":{"index":"index","follow":"follow","max-snippet":"max-snippet:-1","max-image-preview":"max-image-preview:large","max-video-preview":"max-video-preview:-1"},"canonical":"https:\/\/vosse-schepers.de\/landhotel\/partyservice-catering\/dessert\/","og_locale":"de_DE","og_type":"article","og_title":"Dessert - Landhotel Vosse Schepers","og_description":"Suchen Sie f\u00fcr Ihre Feierlichkeit zuhause&nbsp;noch das passende Dessert? F\u00fcr besondere Hochzeitsangebote, die wir selbstverst\u00e4ndlich auch zu Ihnen liefern, fragen","og_url":"https:\/\/vosse-schepers.de\/landhotel\/partyservice-catering\/dessert\/","og_site_name":"Landhotel Vosse Schepers","article_modified_time":"2024-12-19T14:53:37+00:00","twitter_card":"summary_large_image","twitter_misc":{"Gesch\u00e4tzte Lesezeit":"1\u00a0Minute"},"schema":{"@context":"https:\/\/schema.org","@graph":[{"@type":"WebPage","@id":"https:\/\/vosse-schepers.de\/landhotel\/partyservice-catering\/dessert\/","url":"https:\/\/vosse-schepers.de\/landhotel\/partyservice-catering\/dessert\/","name":"Dessert - Landhotel Vosse Schepers","isPartOf":{"@id":"https:\/\/vosse-schepers.de\/landhotel\/#website"},"datePublished":"2021-07-05T17:08:02+00:00","dateModified":"2024-12-19T14:53:37+00:00","breadcrumb":{"@id":"https:\/\/vosse-schepers.de\/landhotel\/partyservice-catering\/dessert\/#breadcrumb"},"inLanguage":"de","potentialAction":[{"@type":"ReadAction","target":["https:\/\/vosse-schepers.de\/landhotel\/partyservice-catering\/dessert\/"]}]},{"@type":"BreadcrumbList","@id":"https:\/\/vosse-schepers.de\/landhotel\/partyservice-catering\/dessert\/#breadcrumb","itemListElement":[{"@type":"ListItem","position":1,"name":"Startseite","item":"https:\/\/vosse-schepers.de\/landhotel\/"},{"@type":"ListItem","position":2,"name":"Partyservice","item":"https:\/\/vosse-schepers.de\/landhotel\/partyservice-catering\/"},{"@type":"ListItem","position":3,"name":"Dessert"}]},{"@type":"WebSite","@id":"https:\/\/vosse-schepers.de\/landhotel\/#website","url":"https:\/\/vosse-schepers.de\/landhotel\/","name":"Landhotel Vosse Schepers","description":"","publisher":{"@id":"https:\/\/vosse-schepers.de\/landhotel\/#organization"},"potentialAction":[{"@type":"SearchAction","target":{"@type":"EntryPoint","urlTemplate":"https:\/\/vosse-schepers.de\/landhotel\/?s={search_term_string}"},"query-input":{"@type":"PropertyValueSpecification","valueRequired":true,"valueName":"search_term_string"}}],"inLanguage":"de"},{"@type":"Organization","@id":"https:\/\/vosse-schepers.de\/landhotel\/#organization","name":"Landhotel Vosse Schepers","url":"https:\/\/vosse-schepers.de\/landhotel\/","logo":{"@type":"ImageObject","inLanguage":"de","@id":"https:\/\/vosse-schepers.de\/landhotel\/#\/schema\/logo\/image\/","url":"https:\/\/vosse-schepers.de\/landhotel\/wp-content\/uploads\/2021\/07\/LogoVosseGelb_weiss_Logo.png","contentUrl":"https:\/\/vosse-schepers.de\/landhotel\/wp-content\/uploads\/2021\/07\/LogoVosseGelb_weiss_Logo.png","width":218,"height":150,"caption":"Landhotel Vosse Schepers"},"image":{"@id":"https:\/\/vosse-schepers.de\/landhotel\/#\/schema\/logo\/image\/"}}]}},"_links":{"self":[{"href":"https:\/\/vosse-schepers.de\/landhotel\/wp-json\/wp\/v2\/pages\/214","targetHints":{"allow":["GET"]}}],"collection":[{"href":"https:\/\/vosse-schepers.de\/landhotel\/wp-json\/wp\/v2\/pages"}],"about":[{"href":"https:\/\/vosse-schepers.de\/landhotel\/wp-json\/wp\/v2\/types\/page"}],"author":[{"embeddable":true,"href":"https:\/\/vosse-schepers.de\/landhotel\/wp-json\/wp\/v2\/users\/1"}],"replies":[{"embeddable":true,"href":"https:\/\/vosse-schepers.de\/landhotel\/wp-json\/wp\/v2\/comments?post=214"}],"version-history":[{"count":5,"href":"https:\/\/vosse-schepers.de\/landhotel\/wp-json\/wp\/v2\/pages\/214\/revisions"}],"predecessor-version":[{"id":928,"href":"https:\/\/vosse-schepers.de\/landhotel\/wp-json\/wp\/v2\/pages\/214\/revisions\/928"}],"up":[{"embeddable":true,"href":"https:\/\/vosse-schepers.de\/landhotel\/wp-json\/wp\/v2\/pages\/150"}],"wp:attachment":[{"href":"https:\/\/vosse-schepers.de\/landhotel\/wp-json\/wp\/v2\/media?parent=214"}],"curies":[{"name":"wp","href":"https:\/\/api.w.org\/{rel}","templated":true}]}}