{"id":384,"date":"2021-08-18T00:01:50","date_gmt":"2021-08-17T22:01:50","guid":{"rendered":"https:\/\/vosse-schepers.de\/landhotel\/?page_id=384"},"modified":"2025-01-10T12:36:33","modified_gmt":"2025-01-10T11:36:33","slug":"raeumlichkeiten","status":"publish","type":"page","link":"https:\/\/vosse-schepers.de\/landhotel\/ihr-fest\/raeumlichkeiten\/","title":{"rendered":"R\u00e4umlichkeiten"},"content":{"rendered":"\n<p>Zu unseren R\u00e4umlichkeiten z\u00e4hlen der Restaurantbereich mit 3 Stuben, 2 Kegelbahnen, der Ems-Saal und das Koamer Huus mit 34 Zimmern. <\/p>\n\n\n\n<p><\/p>\n\n\n\n<p><\/p>\n\n\n\n<figure class=\"wp-block-gallery has-nested-images columns-2 is-cropped wp-block-gallery-1 is-layout-flex wp-block-gallery-is-layout-flex\">\n<figure class=\"wp-block-image size-large\"><img loading=\"lazy\" decoding=\"async\" width=\"800\" height=\"450\" data-id=\"745\" src=\"https:\/\/vosse-schepers.de\/landhotel\/wp-content\/uploads\/2022\/11\/Restaurantterasse.www_.jpg\" alt=\"\" class=\"wp-image-745\" srcset=\"https:\/\/vosse-schepers.de\/landhotel\/wp-content\/uploads\/2022\/11\/Restaurantterasse.www_.jpg 800w, https:\/\/vosse-schepers.de\/landhotel\/wp-content\/uploads\/2022\/11\/Restaurantterasse.www_-300x169.jpg 300w, https:\/\/vosse-schepers.de\/landhotel\/wp-content\/uploads\/2022\/11\/Restaurantterasse.www_-768x432.jpg 768w\" sizes=\"auto, (max-width: 800px) 100vw, 800px\" \/><\/figure>\n\n\n\n<figure class=\"wp-block-image size-large\"><img loading=\"lazy\" decoding=\"async\" width=\"800\" height=\"600\" data-id=\"744\" src=\"https:\/\/vosse-schepers.de\/landhotel\/wp-content\/uploads\/2022\/11\/Olle-Koeaeke-www.jpg\" alt=\"\" class=\"wp-image-744\" srcset=\"https:\/\/vosse-schepers.de\/landhotel\/wp-content\/uploads\/2022\/11\/Olle-Koeaeke-www.jpg 800w, https:\/\/vosse-schepers.de\/landhotel\/wp-content\/uploads\/2022\/11\/Olle-Koeaeke-www-300x225.jpg 300w, https:\/\/vosse-schepers.de\/landhotel\/wp-content\/uploads\/2022\/11\/Olle-Koeaeke-www-768x576.jpg 768w\" sizes=\"auto, (max-width: 800px) 100vw, 800px\" \/><\/figure>\n\n\n\n<figure class=\"wp-block-image size-large\"><img loading=\"lazy\" decoding=\"async\" width=\"800\" height=\"600\" data-id=\"743\" src=\"https:\/\/vosse-schepers.de\/landhotel\/wp-content\/uploads\/2022\/11\/OK.jpg\" alt=\"\" class=\"wp-image-743\" srcset=\"https:\/\/vosse-schepers.de\/landhotel\/wp-content\/uploads\/2022\/11\/OK.jpg 800w, https:\/\/vosse-schepers.de\/landhotel\/wp-content\/uploads\/2022\/11\/OK-300x225.jpg 300w, https:\/\/vosse-schepers.de\/landhotel\/wp-content\/uploads\/2022\/11\/OK-768x576.jpg 768w\" sizes=\"auto, (max-width: 800px) 100vw, 800px\" \/><\/figure>\n\n\n\n<figure class=\"wp-block-image size-large\"><img loading=\"lazy\" decoding=\"async\" width=\"600\" height=\"450\" data-id=\"742\" src=\"https:\/\/vosse-schepers.de\/landhotel\/wp-content\/uploads\/2022\/11\/LS.jpg\" alt=\"\" class=\"wp-image-742\" srcset=\"https:\/\/vosse-schepers.de\/landhotel\/wp-content\/uploads\/2022\/11\/LS.jpg 600w, https:\/\/vosse-schepers.de\/landhotel\/wp-content\/uploads\/2022\/11\/LS-300x225.jpg 300w\" sizes=\"auto, (max-width: 600px) 100vw, 600px\" \/><\/figure>\n\n\n\n<figure class=\"wp-block-image size-large\"><img loading=\"lazy\" decoding=\"async\" width=\"600\" height=\"800\" data-id=\"740\" src=\"https:\/\/vosse-schepers.de\/landhotel\/wp-content\/uploads\/2022\/11\/kegelbahn.www_.jpg\" alt=\"\" class=\"wp-image-740\" srcset=\"https:\/\/vosse-schepers.de\/landhotel\/wp-content\/uploads\/2022\/11\/kegelbahn.www_.jpg 600w, https:\/\/vosse-schepers.de\/landhotel\/wp-content\/uploads\/2022\/11\/kegelbahn.www_-225x300.jpg 225w\" sizes=\"auto, (max-width: 600px) 100vw, 600px\" \/><\/figure>\n\n\n\n<figure class=\"wp-block-image size-large\"><img loading=\"lazy\" decoding=\"async\" width=\"600\" height=\"800\" data-id=\"739\" src=\"https:\/\/vosse-schepers.de\/landhotel\/wp-content\/uploads\/2022\/11\/Kajuete-1.www_.jpg\" alt=\"\" class=\"wp-image-739\" srcset=\"https:\/\/vosse-schepers.de\/landhotel\/wp-content\/uploads\/2022\/11\/Kajuete-1.www_.jpg 600w, https:\/\/vosse-schepers.de\/landhotel\/wp-content\/uploads\/2022\/11\/Kajuete-1.www_-225x300.jpg 225w\" sizes=\"auto, (max-width: 600px) 100vw, 600px\" \/><\/figure>\n\n\n\n<figure class=\"wp-block-image size-large\"><img loading=\"lazy\" decoding=\"async\" width=\"600\" height=\"800\" data-id=\"737\" src=\"https:\/\/vosse-schepers.de\/landhotel\/wp-content\/uploads\/2022\/11\/Kajklein.jpg\" alt=\"\" class=\"wp-image-737\" srcset=\"https:\/\/vosse-schepers.de\/landhotel\/wp-content\/uploads\/2022\/11\/Kajklein.jpg 600w, https:\/\/vosse-schepers.de\/landhotel\/wp-content\/uploads\/2022\/11\/Kajklein-225x300.jpg 225w\" sizes=\"auto, (max-width: 600px) 100vw, 600px\" \/><\/figure>\n\n\n\n<figure class=\"wp-block-image size-large\"><img loading=\"lazy\" decoding=\"async\" width=\"600\" height=\"400\" data-id=\"471\" src=\"https:\/\/vosse-schepers.de\/landhotel\/wp-content\/uploads\/2021\/10\/emssaal.jpg\" alt=\"\" class=\"wp-image-471\" srcset=\"https:\/\/vosse-schepers.de\/landhotel\/wp-content\/uploads\/2021\/10\/emssaal.jpg 600w, https:\/\/vosse-schepers.de\/landhotel\/wp-content\/uploads\/2021\/10\/emssaal-300x200.jpg 300w\" sizes=\"auto, (max-width: 600px) 100vw, 600px\" \/><\/figure>\n\n\n\n<figure class=\"wp-block-image size-large\"><img loading=\"lazy\" decoding=\"async\" width=\"800\" height=\"600\" data-id=\"750\" src=\"https:\/\/vosse-schepers.de\/landhotel\/wp-content\/uploads\/2022\/11\/Aussenansicht-Hotel.jpg\" alt=\"\" class=\"wp-image-750\" srcset=\"https:\/\/vosse-schepers.de\/landhotel\/wp-content\/uploads\/2022\/11\/Aussenansicht-Hotel.jpg 800w, https:\/\/vosse-schepers.de\/landhotel\/wp-content\/uploads\/2022\/11\/Aussenansicht-Hotel-300x225.jpg 300w, https:\/\/vosse-schepers.de\/landhotel\/wp-content\/uploads\/2022\/11\/Aussenansicht-Hotel-768x576.jpg 768w\" sizes=\"auto, (max-width: 800px) 100vw, 800px\" \/><\/figure>\n\n\n\n<figure class=\"wp-block-image size-large\"><img loading=\"lazy\" decoding=\"async\" width=\"600\" height=\"800\" data-id=\"741\" src=\"https:\/\/vosse-schepers.de\/landhotel\/wp-content\/uploads\/2022\/11\/Komfort-Zi.www_.jpg\" alt=\"\" class=\"wp-image-741\" srcset=\"https:\/\/vosse-schepers.de\/landhotel\/wp-content\/uploads\/2022\/11\/Komfort-Zi.www_.jpg 600w, https:\/\/vosse-schepers.de\/landhotel\/wp-content\/uploads\/2022\/11\/Komfort-Zi.www_-225x300.jpg 225w\" sizes=\"auto, (max-width: 600px) 100vw, 600px\" \/><\/figure>\n\n\n\n<figure class=\"wp-block-image size-large\"><img loading=\"lazy\" decoding=\"async\" width=\"594\" height=\"800\" data-id=\"724\" src=\"https:\/\/vosse-schepers.de\/landhotel\/wp-content\/uploads\/2022\/11\/Hotel-Bad16.www_.jpg\" alt=\"\" class=\"wp-image-724\" srcset=\"https:\/\/vosse-schepers.de\/landhotel\/wp-content\/uploads\/2022\/11\/Hotel-Bad16.www_.jpg 594w, https:\/\/vosse-schepers.de\/landhotel\/wp-content\/uploads\/2022\/11\/Hotel-Bad16.www_-223x300.jpg 223w\" sizes=\"auto, (max-width: 594px) 100vw, 594px\" \/><\/figure>\n\n\n\n<figure class=\"wp-block-image size-large\"><img loading=\"lazy\" decoding=\"async\" width=\"600\" height=\"800\" data-id=\"686\" src=\"https:\/\/vosse-schepers.de\/landhotel\/wp-content\/uploads\/2022\/11\/IMG_8378.www_.jpg\" alt=\"\" class=\"wp-image-686\" srcset=\"https:\/\/vosse-schepers.de\/landhotel\/wp-content\/uploads\/2022\/11\/IMG_8378.www_.jpg 600w, https:\/\/vosse-schepers.de\/landhotel\/wp-content\/uploads\/2022\/11\/IMG_8378.www_-225x300.jpg 225w\" sizes=\"auto, (max-width: 600px) 100vw, 600px\" \/><\/figure>\n\n\n\n<figure class=\"wp-block-image size-large\"><img loading=\"lazy\" decoding=\"async\" width=\"800\" height=\"600\" data-id=\"687\" src=\"https:\/\/vosse-schepers.de\/landhotel\/wp-content\/uploads\/2022\/11\/IMG_8379.www_.jpg\" alt=\"\" class=\"wp-image-687\" srcset=\"https:\/\/vosse-schepers.de\/landhotel\/wp-content\/uploads\/2022\/11\/IMG_8379.www_.jpg 800w, https:\/\/vosse-schepers.de\/landhotel\/wp-content\/uploads\/2022\/11\/IMG_8379.www_-300x225.jpg 300w, https:\/\/vosse-schepers.de\/landhotel\/wp-content\/uploads\/2022\/11\/IMG_8379.www_-768x576.jpg 768w\" sizes=\"auto, (max-width: 800px) 100vw, 800px\" \/><\/figure>\n<\/figure>\n","protected":false},"excerpt":{"rendered":"<p>Zu unseren R\u00e4umlichkeiten z\u00e4hlen der Restaurantbereich mit 3 Stuben, 2 Kegelbahnen, der Ems-Saal und das Koamer Huus mit 34 Zimmern.<\/p>\n","protected":false},"author":2,"featured_media":0,"parent":268,"menu_order":0,"comment_status":"closed","ping_status":"closed","template":"","meta":{"ngg_post_thumbnail":0,"footnotes":""},"class_list":["post-384","page","type-page","status-publish","hentry"],"yoast_head":"<!-- This site is optimized with the Yoast SEO plugin v27.2 - https:\/\/yoast.com\/product\/yoast-seo-wordpress\/ -->\n<title>R\u00e4umlichkeiten - Landhotel Vosse Schepers<\/title>\n<meta name=\"robots\" content=\"index, follow, max-snippet:-1, max-image-preview:large, max-video-preview:-1\" \/>\n<link rel=\"canonical\" href=\"https:\/\/vosse-schepers.de\/landhotel\/ihr-fest\/raeumlichkeiten\/\" \/>\n<meta property=\"og:locale\" content=\"de_DE\" \/>\n<meta property=\"og:type\" content=\"article\" \/>\n<meta property=\"og:title\" content=\"R\u00e4umlichkeiten - Landhotel Vosse Schepers\" \/>\n<meta property=\"og:description\" content=\"Zu unseren R\u00e4umlichkeiten z\u00e4hlen der Restaurantbereich mit 3 Stuben, 2 Kegelbahnen, der Ems-Saal und das Koamer Huus mit 34 Zimmern.\" \/>\n<meta property=\"og:url\" content=\"https:\/\/vosse-schepers.de\/landhotel\/ihr-fest\/raeumlichkeiten\/\" \/>\n<meta property=\"og:site_name\" content=\"Landhotel Vosse Schepers\" \/>\n<meta property=\"article:modified_time\" content=\"2025-01-10T11:36:33+00:00\" \/>\n<meta property=\"og:image\" content=\"https:\/\/vosse-schepers.de\/landhotel\/wp-content\/uploads\/2022\/11\/Restaurantterasse.www_.jpg\" \/>\n\t<meta property=\"og:image:width\" content=\"800\" \/>\n\t<meta property=\"og:image:height\" content=\"450\" \/>\n\t<meta property=\"og:image:type\" content=\"image\/jpeg\" \/>\n<meta name=\"twitter:card\" content=\"summary_large_image\" \/>\n<meta name=\"twitter:label1\" content=\"Gesch\u00e4tzte Lesezeit\" \/>\n\t<meta name=\"twitter:data1\" content=\"3\u00a0Minuten\" \/>\n<script type=\"application\/ld+json\" class=\"yoast-schema-graph\">{\"@context\":\"https:\/\/schema.org\",\"@graph\":[{\"@type\":\"WebPage\",\"@id\":\"https:\/\/vosse-schepers.de\/landhotel\/ihr-fest\/raeumlichkeiten\/\",\"url\":\"https:\/\/vosse-schepers.de\/landhotel\/ihr-fest\/raeumlichkeiten\/\",\"name\":\"R\u00e4umlichkeiten - Landhotel Vosse Schepers\",\"isPartOf\":{\"@id\":\"https:\/\/vosse-schepers.de\/landhotel\/#website\"},\"primaryImageOfPage\":{\"@id\":\"https:\/\/vosse-schepers.de\/landhotel\/ihr-fest\/raeumlichkeiten\/#primaryimage\"},\"image\":{\"@id\":\"https:\/\/vosse-schepers.de\/landhotel\/ihr-fest\/raeumlichkeiten\/#primaryimage\"},\"thumbnailUrl\":\"https:\/\/vosse-schepers.de\/landhotel\/wp-content\/uploads\/2022\/11\/Restaurantterasse.www_.jpg\",\"datePublished\":\"2021-08-17T22:01:50+00:00\",\"dateModified\":\"2025-01-10T11:36:33+00:00\",\"breadcrumb\":{\"@id\":\"https:\/\/vosse-schepers.de\/landhotel\/ihr-fest\/raeumlichkeiten\/#breadcrumb\"},\"inLanguage\":\"de\",\"potentialAction\":[{\"@type\":\"ReadAction\",\"target\":[\"https:\/\/vosse-schepers.de\/landhotel\/ihr-fest\/raeumlichkeiten\/\"]}]},{\"@type\":\"ImageObject\",\"inLanguage\":\"de\",\"@id\":\"https:\/\/vosse-schepers.de\/landhotel\/ihr-fest\/raeumlichkeiten\/#primaryimage\",\"url\":\"https:\/\/vosse-schepers.de\/landhotel\/wp-content\/uploads\/2022\/11\/Restaurantterasse.www_.jpg\",\"contentUrl\":\"https:\/\/vosse-schepers.de\/landhotel\/wp-content\/uploads\/2022\/11\/Restaurantterasse.www_.jpg\",\"width\":800,\"height\":450},{\"@type\":\"BreadcrumbList\",\"@id\":\"https:\/\/vosse-schepers.de\/landhotel\/ihr-fest\/raeumlichkeiten\/#breadcrumb\",\"itemListElement\":[{\"@type\":\"ListItem\",\"position\":1,\"name\":\"Startseite\",\"item\":\"https:\/\/vosse-schepers.de\/landhotel\/\"},{\"@type\":\"ListItem\",\"position\":2,\"name\":\"Ihr Fest\",\"item\":\"https:\/\/vosse-schepers.de\/landhotel\/ihr-fest\/\"},{\"@type\":\"ListItem\",\"position\":3,\"name\":\"R\u00e4umlichkeiten\"}]},{\"@type\":\"WebSite\",\"@id\":\"https:\/\/vosse-schepers.de\/landhotel\/#website\",\"url\":\"https:\/\/vosse-schepers.de\/landhotel\/\",\"name\":\"Landhotel Vosse Schepers\",\"description\":\"\",\"publisher\":{\"@id\":\"https:\/\/vosse-schepers.de\/landhotel\/#organization\"},\"potentialAction\":[{\"@type\":\"SearchAction\",\"target\":{\"@type\":\"EntryPoint\",\"urlTemplate\":\"https:\/\/vosse-schepers.de\/landhotel\/?s={search_term_string}\"},\"query-input\":{\"@type\":\"PropertyValueSpecification\",\"valueRequired\":true,\"valueName\":\"search_term_string\"}}],\"inLanguage\":\"de\"},{\"@type\":\"Organization\",\"@id\":\"https:\/\/vosse-schepers.de\/landhotel\/#organization\",\"name\":\"Landhotel Vosse Schepers\",\"url\":\"https:\/\/vosse-schepers.de\/landhotel\/\",\"logo\":{\"@type\":\"ImageObject\",\"inLanguage\":\"de\",\"@id\":\"https:\/\/vosse-schepers.de\/landhotel\/#\/schema\/logo\/image\/\",\"url\":\"https:\/\/vosse-schepers.de\/landhotel\/wp-content\/uploads\/2021\/07\/LogoVosseGelb_weiss_Logo.png\",\"contentUrl\":\"https:\/\/vosse-schepers.de\/landhotel\/wp-content\/uploads\/2021\/07\/LogoVosseGelb_weiss_Logo.png\",\"width\":218,\"height\":150,\"caption\":\"Landhotel Vosse Schepers\"},\"image\":{\"@id\":\"https:\/\/vosse-schepers.de\/landhotel\/#\/schema\/logo\/image\/\"}}]}<\/script>\n<!-- \/ Yoast SEO plugin. -->","yoast_head_json":{"title":"R\u00e4umlichkeiten - Landhotel Vosse Schepers","robots":{"index":"index","follow":"follow","max-snippet":"max-snippet:-1","max-image-preview":"max-image-preview:large","max-video-preview":"max-video-preview:-1"},"canonical":"https:\/\/vosse-schepers.de\/landhotel\/ihr-fest\/raeumlichkeiten\/","og_locale":"de_DE","og_type":"article","og_title":"R\u00e4umlichkeiten - Landhotel Vosse Schepers","og_description":"Zu unseren R\u00e4umlichkeiten z\u00e4hlen der Restaurantbereich mit 3 Stuben, 2 Kegelbahnen, der Ems-Saal und das Koamer Huus mit 34 Zimmern.","og_url":"https:\/\/vosse-schepers.de\/landhotel\/ihr-fest\/raeumlichkeiten\/","og_site_name":"Landhotel Vosse Schepers","article_modified_time":"2025-01-10T11:36:33+00:00","og_image":[{"width":800,"height":450,"url":"https:\/\/vosse-schepers.de\/landhotel\/wp-content\/uploads\/2022\/11\/Restaurantterasse.www_.jpg","type":"image\/jpeg"}],"twitter_card":"summary_large_image","twitter_misc":{"Gesch\u00e4tzte Lesezeit":"3\u00a0Minuten"},"schema":{"@context":"https:\/\/schema.org","@graph":[{"@type":"WebPage","@id":"https:\/\/vosse-schepers.de\/landhotel\/ihr-fest\/raeumlichkeiten\/","url":"https:\/\/vosse-schepers.de\/landhotel\/ihr-fest\/raeumlichkeiten\/","name":"R\u00e4umlichkeiten - Landhotel Vosse Schepers","isPartOf":{"@id":"https:\/\/vosse-schepers.de\/landhotel\/#website"},"primaryImageOfPage":{"@id":"https:\/\/vosse-schepers.de\/landhotel\/ihr-fest\/raeumlichkeiten\/#primaryimage"},"image":{"@id":"https:\/\/vosse-schepers.de\/landhotel\/ihr-fest\/raeumlichkeiten\/#primaryimage"},"thumbnailUrl":"https:\/\/vosse-schepers.de\/landhotel\/wp-content\/uploads\/2022\/11\/Restaurantterasse.www_.jpg","datePublished":"2021-08-17T22:01:50+00:00","dateModified":"2025-01-10T11:36:33+00:00","breadcrumb":{"@id":"https:\/\/vosse-schepers.de\/landhotel\/ihr-fest\/raeumlichkeiten\/#breadcrumb"},"inLanguage":"de","potentialAction":[{"@type":"ReadAction","target":["https:\/\/vosse-schepers.de\/landhotel\/ihr-fest\/raeumlichkeiten\/"]}]},{"@type":"ImageObject","inLanguage":"de","@id":"https:\/\/vosse-schepers.de\/landhotel\/ihr-fest\/raeumlichkeiten\/#primaryimage","url":"https:\/\/vosse-schepers.de\/landhotel\/wp-content\/uploads\/2022\/11\/Restaurantterasse.www_.jpg","contentUrl":"https:\/\/vosse-schepers.de\/landhotel\/wp-content\/uploads\/2022\/11\/Restaurantterasse.www_.jpg","width":800,"height":450},{"@type":"BreadcrumbList","@id":"https:\/\/vosse-schepers.de\/landhotel\/ihr-fest\/raeumlichkeiten\/#breadcrumb","itemListElement":[{"@type":"ListItem","position":1,"name":"Startseite","item":"https:\/\/vosse-schepers.de\/landhotel\/"},{"@type":"ListItem","position":2,"name":"Ihr Fest","item":"https:\/\/vosse-schepers.de\/landhotel\/ihr-fest\/"},{"@type":"ListItem","position":3,"name":"R\u00e4umlichkeiten"}]},{"@type":"WebSite","@id":"https:\/\/vosse-schepers.de\/landhotel\/#website","url":"https:\/\/vosse-schepers.de\/landhotel\/","name":"Landhotel Vosse Schepers","description":"","publisher":{"@id":"https:\/\/vosse-schepers.de\/landhotel\/#organization"},"potentialAction":[{"@type":"SearchAction","target":{"@type":"EntryPoint","urlTemplate":"https:\/\/vosse-schepers.de\/landhotel\/?s={search_term_string}"},"query-input":{"@type":"PropertyValueSpecification","valueRequired":true,"valueName":"search_term_string"}}],"inLanguage":"de"},{"@type":"Organization","@id":"https:\/\/vosse-schepers.de\/landhotel\/#organization","name":"Landhotel Vosse Schepers","url":"https:\/\/vosse-schepers.de\/landhotel\/","logo":{"@type":"ImageObject","inLanguage":"de","@id":"https:\/\/vosse-schepers.de\/landhotel\/#\/schema\/logo\/image\/","url":"https:\/\/vosse-schepers.de\/landhotel\/wp-content\/uploads\/2021\/07\/LogoVosseGelb_weiss_Logo.png","contentUrl":"https:\/\/vosse-schepers.de\/landhotel\/wp-content\/uploads\/2021\/07\/LogoVosseGelb_weiss_Logo.png","width":218,"height":150,"caption":"Landhotel Vosse Schepers"},"image":{"@id":"https:\/\/vosse-schepers.de\/landhotel\/#\/schema\/logo\/image\/"}}]}},"_links":{"self":[{"href":"https:\/\/vosse-schepers.de\/landhotel\/wp-json\/wp\/v2\/pages\/384","targetHints":{"allow":["GET"]}}],"collection":[{"href":"https:\/\/vosse-schepers.de\/landhotel\/wp-json\/wp\/v2\/pages"}],"about":[{"href":"https:\/\/vosse-schepers.de\/landhotel\/wp-json\/wp\/v2\/types\/page"}],"author":[{"embeddable":true,"href":"https:\/\/vosse-schepers.de\/landhotel\/wp-json\/wp\/v2\/users\/2"}],"replies":[{"embeddable":true,"href":"https:\/\/vosse-schepers.de\/landhotel\/wp-json\/wp\/v2\/comments?post=384"}],"version-history":[{"count":6,"href":"https:\/\/vosse-schepers.de\/landhotel\/wp-json\/wp\/v2\/pages\/384\/revisions"}],"predecessor-version":[{"id":956,"href":"https:\/\/vosse-schepers.de\/landhotel\/wp-json\/wp\/v2\/pages\/384\/revisions\/956"}],"up":[{"embeddable":true,"href":"https:\/\/vosse-schepers.de\/landhotel\/wp-json\/wp\/v2\/pages\/268"}],"wp:attachment":[{"href":"https:\/\/vosse-schepers.de\/landhotel\/wp-json\/wp\/v2\/media?parent=384"}],"curies":[{"name":"wp","href":"https:\/\/api.w.org\/{rel}","templated":true}]}}