{"id":53,"date":"2021-07-04T07:01:31","date_gmt":"2021-07-04T05:01:31","guid":{"rendered":"https:\/\/vosse-schepers.de\/landhotel\/?page_id=53"},"modified":"2021-07-05T18:27:09","modified_gmt":"2021-07-05T16:27:09","slug":"ferienwohnung","status":"publish","type":"page","link":"https:\/\/vosse-schepers.de\/landhotel\/hotel\/ferienwohnung\/","title":{"rendered":"Ferienwohnung"},"content":{"rendered":"\n<p>Sehr geehrte G\u00e4ste,<\/p>\n\n\n\n<p>m\u00f6chten Sie mit Freunden oder Familie lieber in einer Ferienwohnung statt in einzelnen Hotelzimmern zu schlafen?&nbsp;Neben unseren Zimmern im Hotel haben Sie ebenfalls die M\u00f6glichkeit unsere Ferienwohnung zu buchen. Bei Interesse an unserer Ferienwohnung, f\u00fcllen Sie bitte<br>das untenstehende Formular aus und teilen uns Ihre gew\u00fcnschte Aufenthaltsdauer und Personenanzahl mit.<br>Sie erhalten dann in K\u00fcrze ein Angebot f\u00fcr Ihren Aufenthalt.<\/p>\n\n\n<div class=\"wpforms-container wpforms-container-full wpforms-block\" id=\"wpforms-52\"><form id=\"wpforms-form-52\" class=\"wpforms-validate wpforms-form\" data-formid=\"52\" method=\"post\" enctype=\"multipart\/form-data\" action=\"\/landhotel\/wp-json\/wp\/v2\/pages\/53\" data-token=\"dcb17256bc1be7f7d44afcb5cca2516a\" data-token-time=\"1776788867\"><noscript class=\"wpforms-error-noscript\">Bitte aktivieren Sie JavaScript in Ihrem Browser, um dieses Formular fertigzustellen.<\/noscript><div class=\"wpforms-field-container\"><div id=\"wpforms-52-field_0-container\" class=\"wpforms-field wpforms-field-name\" data-field-id=\"0\"><label class=\"wpforms-field-label\">Name <span class=\"wpforms-required-label\">*<\/span><\/label><div class=\"wpforms-field-row wpforms-field-medium\"><div class=\"wpforms-field-row-block wpforms-first wpforms-one-half\"><input type=\"text\" id=\"wpforms-52-field_0\" class=\"wpforms-field-name-first wpforms-field-required\" name=\"wpforms[fields][0][first]\" required><label for=\"wpforms-52-field_0\" class=\"wpforms-field-sublabel after\">Vorname<\/label><\/div><div class=\"wpforms-field-row-block wpforms-one-half\"><input type=\"text\" id=\"wpforms-52-field_0-last\" class=\"wpforms-field-name-last wpforms-field-required\" name=\"wpforms[fields][0][last]\" required><label for=\"wpforms-52-field_0-last\" class=\"wpforms-field-sublabel after\">Nachname<\/label><\/div><\/div><\/div><div id=\"wpforms-52-field_1-container\" class=\"wpforms-field wpforms-field-email\" data-field-id=\"1\"><label class=\"wpforms-field-label\" for=\"wpforms-52-field_1\">E-Mail <span class=\"wpforms-required-label\">*<\/span><\/label><input type=\"email\" id=\"wpforms-52-field_1\" class=\"wpforms-field-medium wpforms-field-required\" name=\"wpforms[fields][1]\" spellcheck=\"false\" required><\/div><div id=\"wpforms-52-field_2-container\" class=\"wpforms-field wpforms-field-textarea\" data-field-id=\"2\"><label class=\"wpforms-field-label\" for=\"wpforms-52-field_2\">Kommentar oder Nachricht <span class=\"wpforms-required-label\">*<\/span><\/label><textarea id=\"wpforms-52-field_2\" class=\"wpforms-field-medium wpforms-field-required\" name=\"wpforms[fields][2]\" required><\/textarea><\/div><\/div><!-- .wpforms-field-container --><div class=\"wpforms-submit-container\" ><input type=\"hidden\" name=\"wpforms[id]\" value=\"52\"><input type=\"hidden\" name=\"page_title\" value=\"\"><input type=\"hidden\" name=\"page_url\" value=\"https:\/\/vosse-schepers.de\/landhotel\/wp-json\/wp\/v2\/pages\/53\"><input type=\"hidden\" name=\"url_referer\" value=\"\"><button type=\"submit\" name=\"wpforms[submit]\" id=\"wpforms-submit-52\" class=\"wpforms-submit\" data-alt-text=\"Senden...\" data-submit-text=\"Absenden\" aria-live=\"assertive\" value=\"wpforms-submit\">Absenden<\/button><\/div><\/form><\/div>  <!-- .wpforms-container -->","protected":false},"excerpt":{"rendered":"<p>Sehr geehrte G\u00e4ste, m\u00f6chten Sie mit Freunden oder Familie lieber in einer Ferienwohnung statt in einzelnen Hotelzimmern zu schlafen?&nbsp;Neben unseren<\/p>\n","protected":false},"author":1,"featured_media":0,"parent":59,"menu_order":0,"comment_status":"closed","ping_status":"closed","template":"","meta":{"ngg_post_thumbnail":0,"footnotes":""},"class_list":["post-53","page","type-page","status-publish","hentry"],"yoast_head":"<!-- This site is optimized with the Yoast SEO plugin v27.2 - https:\/\/yoast.com\/product\/yoast-seo-wordpress\/ -->\n<title>Ferienwohnung - Landhotel Vosse Schepers<\/title>\n<meta name=\"robots\" content=\"index, follow, max-snippet:-1, max-image-preview:large, max-video-preview:-1\" \/>\n<link rel=\"canonical\" href=\"https:\/\/vosse-schepers.de\/landhotel\/hotel\/ferienwohnung\/\" \/>\n<meta property=\"og:locale\" content=\"de_DE\" \/>\n<meta property=\"og:type\" content=\"article\" \/>\n<meta property=\"og:title\" content=\"Ferienwohnung - Landhotel Vosse Schepers\" \/>\n<meta property=\"og:description\" content=\"Sehr geehrte G\u00e4ste, m\u00f6chten Sie mit Freunden oder Familie lieber in einer Ferienwohnung statt in einzelnen Hotelzimmern zu schlafen?&nbsp;Neben unseren\" \/>\n<meta property=\"og:url\" content=\"https:\/\/vosse-schepers.de\/landhotel\/hotel\/ferienwohnung\/\" \/>\n<meta property=\"og:site_name\" content=\"Landhotel Vosse Schepers\" \/>\n<meta property=\"article:modified_time\" content=\"2021-07-05T16:27:09+00:00\" \/>\n<meta name=\"twitter:card\" content=\"summary_large_image\" \/>\n<script type=\"application\/ld+json\" class=\"yoast-schema-graph\">{\"@context\":\"https:\/\/schema.org\",\"@graph\":[{\"@type\":\"WebPage\",\"@id\":\"https:\/\/vosse-schepers.de\/landhotel\/hotel\/ferienwohnung\/\",\"url\":\"https:\/\/vosse-schepers.de\/landhotel\/hotel\/ferienwohnung\/\",\"name\":\"Ferienwohnung - Landhotel Vosse Schepers\",\"isPartOf\":{\"@id\":\"https:\/\/vosse-schepers.de\/landhotel\/#website\"},\"datePublished\":\"2021-07-04T05:01:31+00:00\",\"dateModified\":\"2021-07-05T16:27:09+00:00\",\"breadcrumb\":{\"@id\":\"https:\/\/vosse-schepers.de\/landhotel\/hotel\/ferienwohnung\/#breadcrumb\"},\"inLanguage\":\"de\",\"potentialAction\":[{\"@type\":\"ReadAction\",\"target\":[\"https:\/\/vosse-schepers.de\/landhotel\/hotel\/ferienwohnung\/\"]}]},{\"@type\":\"BreadcrumbList\",\"@id\":\"https:\/\/vosse-schepers.de\/landhotel\/hotel\/ferienwohnung\/#breadcrumb\",\"itemListElement\":[{\"@type\":\"ListItem\",\"position\":1,\"name\":\"Startseite\",\"item\":\"https:\/\/vosse-schepers.de\/landhotel\/\"},{\"@type\":\"ListItem\",\"position\":2,\"name\":\"Hotel\",\"item\":\"https:\/\/vosse-schepers.de\/landhotel\/hotel\/\"},{\"@type\":\"ListItem\",\"position\":3,\"name\":\"Ferienwohnung\"}]},{\"@type\":\"WebSite\",\"@id\":\"https:\/\/vosse-schepers.de\/landhotel\/#website\",\"url\":\"https:\/\/vosse-schepers.de\/landhotel\/\",\"name\":\"Landhotel Vosse Schepers\",\"description\":\"\",\"publisher\":{\"@id\":\"https:\/\/vosse-schepers.de\/landhotel\/#organization\"},\"potentialAction\":[{\"@type\":\"SearchAction\",\"target\":{\"@type\":\"EntryPoint\",\"urlTemplate\":\"https:\/\/vosse-schepers.de\/landhotel\/?s={search_term_string}\"},\"query-input\":{\"@type\":\"PropertyValueSpecification\",\"valueRequired\":true,\"valueName\":\"search_term_string\"}}],\"inLanguage\":\"de\"},{\"@type\":\"Organization\",\"@id\":\"https:\/\/vosse-schepers.de\/landhotel\/#organization\",\"name\":\"Landhotel Vosse Schepers\",\"url\":\"https:\/\/vosse-schepers.de\/landhotel\/\",\"logo\":{\"@type\":\"ImageObject\",\"inLanguage\":\"de\",\"@id\":\"https:\/\/vosse-schepers.de\/landhotel\/#\/schema\/logo\/image\/\",\"url\":\"https:\/\/vosse-schepers.de\/landhotel\/wp-content\/uploads\/2021\/07\/LogoVosseGelb_weiss_Logo.png\",\"contentUrl\":\"https:\/\/vosse-schepers.de\/landhotel\/wp-content\/uploads\/2021\/07\/LogoVosseGelb_weiss_Logo.png\",\"width\":218,\"height\":150,\"caption\":\"Landhotel Vosse Schepers\"},\"image\":{\"@id\":\"https:\/\/vosse-schepers.de\/landhotel\/#\/schema\/logo\/image\/\"}}]}<\/script>\n<!-- \/ Yoast SEO plugin. -->","yoast_head_json":{"title":"Ferienwohnung - Landhotel Vosse Schepers","robots":{"index":"index","follow":"follow","max-snippet":"max-snippet:-1","max-image-preview":"max-image-preview:large","max-video-preview":"max-video-preview:-1"},"canonical":"https:\/\/vosse-schepers.de\/landhotel\/hotel\/ferienwohnung\/","og_locale":"de_DE","og_type":"article","og_title":"Ferienwohnung - Landhotel Vosse Schepers","og_description":"Sehr geehrte G\u00e4ste, m\u00f6chten Sie mit Freunden oder Familie lieber in einer Ferienwohnung statt in einzelnen Hotelzimmern zu schlafen?&nbsp;Neben unseren","og_url":"https:\/\/vosse-schepers.de\/landhotel\/hotel\/ferienwohnung\/","og_site_name":"Landhotel Vosse Schepers","article_modified_time":"2021-07-05T16:27:09+00:00","twitter_card":"summary_large_image","schema":{"@context":"https:\/\/schema.org","@graph":[{"@type":"WebPage","@id":"https:\/\/vosse-schepers.de\/landhotel\/hotel\/ferienwohnung\/","url":"https:\/\/vosse-schepers.de\/landhotel\/hotel\/ferienwohnung\/","name":"Ferienwohnung - Landhotel Vosse Schepers","isPartOf":{"@id":"https:\/\/vosse-schepers.de\/landhotel\/#website"},"datePublished":"2021-07-04T05:01:31+00:00","dateModified":"2021-07-05T16:27:09+00:00","breadcrumb":{"@id":"https:\/\/vosse-schepers.de\/landhotel\/hotel\/ferienwohnung\/#breadcrumb"},"inLanguage":"de","potentialAction":[{"@type":"ReadAction","target":["https:\/\/vosse-schepers.de\/landhotel\/hotel\/ferienwohnung\/"]}]},{"@type":"BreadcrumbList","@id":"https:\/\/vosse-schepers.de\/landhotel\/hotel\/ferienwohnung\/#breadcrumb","itemListElement":[{"@type":"ListItem","position":1,"name":"Startseite","item":"https:\/\/vosse-schepers.de\/landhotel\/"},{"@type":"ListItem","position":2,"name":"Hotel","item":"https:\/\/vosse-schepers.de\/landhotel\/hotel\/"},{"@type":"ListItem","position":3,"name":"Ferienwohnung"}]},{"@type":"WebSite","@id":"https:\/\/vosse-schepers.de\/landhotel\/#website","url":"https:\/\/vosse-schepers.de\/landhotel\/","name":"Landhotel Vosse Schepers","description":"","publisher":{"@id":"https:\/\/vosse-schepers.de\/landhotel\/#organization"},"potentialAction":[{"@type":"SearchAction","target":{"@type":"EntryPoint","urlTemplate":"https:\/\/vosse-schepers.de\/landhotel\/?s={search_term_string}"},"query-input":{"@type":"PropertyValueSpecification","valueRequired":true,"valueName":"search_term_string"}}],"inLanguage":"de"},{"@type":"Organization","@id":"https:\/\/vosse-schepers.de\/landhotel\/#organization","name":"Landhotel Vosse Schepers","url":"https:\/\/vosse-schepers.de\/landhotel\/","logo":{"@type":"ImageObject","inLanguage":"de","@id":"https:\/\/vosse-schepers.de\/landhotel\/#\/schema\/logo\/image\/","url":"https:\/\/vosse-schepers.de\/landhotel\/wp-content\/uploads\/2021\/07\/LogoVosseGelb_weiss_Logo.png","contentUrl":"https:\/\/vosse-schepers.de\/landhotel\/wp-content\/uploads\/2021\/07\/LogoVosseGelb_weiss_Logo.png","width":218,"height":150,"caption":"Landhotel Vosse Schepers"},"image":{"@id":"https:\/\/vosse-schepers.de\/landhotel\/#\/schema\/logo\/image\/"}}]}},"_links":{"self":[{"href":"https:\/\/vosse-schepers.de\/landhotel\/wp-json\/wp\/v2\/pages\/53","targetHints":{"allow":["GET"]}}],"collection":[{"href":"https:\/\/vosse-schepers.de\/landhotel\/wp-json\/wp\/v2\/pages"}],"about":[{"href":"https:\/\/vosse-schepers.de\/landhotel\/wp-json\/wp\/v2\/types\/page"}],"author":[{"embeddable":true,"href":"https:\/\/vosse-schepers.de\/landhotel\/wp-json\/wp\/v2\/users\/1"}],"replies":[{"embeddable":true,"href":"https:\/\/vosse-schepers.de\/landhotel\/wp-json\/wp\/v2\/comments?post=53"}],"version-history":[{"count":3,"href":"https:\/\/vosse-schepers.de\/landhotel\/wp-json\/wp\/v2\/pages\/53\/revisions"}],"predecessor-version":[{"id":96,"href":"https:\/\/vosse-schepers.de\/landhotel\/wp-json\/wp\/v2\/pages\/53\/revisions\/96"}],"up":[{"embeddable":true,"href":"https:\/\/vosse-schepers.de\/landhotel\/wp-json\/wp\/v2\/pages\/59"}],"wp:attachment":[{"href":"https:\/\/vosse-schepers.de\/landhotel\/wp-json\/wp\/v2\/media?parent=53"}],"curies":[{"name":"wp","href":"https:\/\/api.w.org\/{rel}","templated":true}]}}