{"id":59,"date":"2021-07-04T07:09:32","date_gmt":"2021-07-04T05:09:32","guid":{"rendered":"https:\/\/vosse-schepers.de\/landhotel\/?page_id=59"},"modified":"2025-10-27T10:14:27","modified_gmt":"2025-10-27T09:14:27","slug":"hotel","status":"publish","type":"page","link":"https:\/\/vosse-schepers.de\/landhotel\/hotel\/","title":{"rendered":"Hotel"},"content":{"rendered":"\nngg_shortcode_0_placeholder\n\n\n\n<p>Das Landhotel Vosse-Schepers verf\u00fcgt \u00fcber 30 Hotelzimmer, 4 behindertenfreundliche Hotelzimmer und ein Apartment  Jedes unserer Hotelzimmer ist mit einem Flachbildschirm und elegantem Badezimmer, inklusive F\u00f6hn ausgestattet. Das Koamer Hus befindet sich direkt gegen\u00fcber von unserem Restaurant. Im Hotel steht unseren G\u00e4sten kostenfreies W-Lan zur Verf\u00fcgung.<\/p>\n\n\n\n<div class=\"wp-block-columns is-layout-flex wp-container-core-columns-is-layout-9d6595d7 wp-block-columns-is-layout-flex\">\n<div class=\"wp-block-column is-layout-flow wp-block-column-is-layout-flow\">\n<p style=\"font-size:14px\"><\/p>\n<\/div>\n<\/div>\n\n\n\n<ol class=\"wp-block-list\">\n<li><a href=\"https:\/\/cultbooking.com\/CPC\/?agentcode=51668&amp;hotelcode=52722&amp;lang=de\">Zimmer online buchen<\/a><\/li>\n\n\n\n<li><a href=\"https:\/\/vosse-schepers.de\/landhotel\/wp-content\/uploads\/2025\/10\/3-Tage-Radler-Spezial-2026.pdf\">Radler-Spezial-Angebot<\/a><\/li>\n\n\n\n<li><a href=\"https:\/\/vosse-schepers.de\/landhotel\/wp-content\/uploads\/2025\/10\/Self-Check-in-Zimmerplan-Rezeption.pdf\">Self Check In<\/a><\/li>\n<\/ol>\n\n\n\n<p><\/p>\n","protected":false},"excerpt":{"rendered":"<p>Das Landhotel Vosse-Schepers verf\u00fcgt \u00fcber 30 Hotelzimmer, 4 behindertenfreundliche Hotelzimmer und ein Apartment Jedes unserer Hotelzimmer ist mit einem Flachbildschirm<\/p>\n","protected":false},"author":1,"featured_media":0,"parent":0,"menu_order":0,"comment_status":"closed","ping_status":"closed","template":"","meta":{"ngg_post_thumbnail":0,"footnotes":""},"class_list":["post-59","page","type-page","status-publish","hentry"],"yoast_head":"<!-- This site is optimized with the Yoast SEO plugin v27.2 - https:\/\/yoast.com\/product\/yoast-seo-wordpress\/ -->\n<title>Hotel - Landhotel Vosse Schepers<\/title>\n<meta name=\"description\" content=\"Kurzurlaub im Emsland mit und ohne Fahrrad im Landhotel Vosse-Schepers\" \/>\n<meta name=\"robots\" content=\"index, follow, max-snippet:-1, max-image-preview:large, max-video-preview:-1\" \/>\n<link rel=\"canonical\" href=\"https:\/\/vosse-schepers.de\/landhotel\/hotel\/\" \/>\n<meta property=\"og:locale\" content=\"de_DE\" \/>\n<meta property=\"og:type\" content=\"article\" \/>\n<meta property=\"og:title\" content=\"Hotel - Landhotel Vosse Schepers\" \/>\n<meta property=\"og:description\" content=\"Kurzurlaub im Emsland mit und ohne Fahrrad im Landhotel Vosse-Schepers\" \/>\n<meta property=\"og:url\" content=\"https:\/\/vosse-schepers.de\/landhotel\/hotel\/\" \/>\n<meta property=\"og:site_name\" content=\"Landhotel Vosse Schepers\" \/>\n<meta property=\"article:modified_time\" content=\"2025-10-27T09:14:27+00:00\" \/>\n<meta name=\"twitter:card\" content=\"summary_large_image\" \/>\n<meta name=\"twitter:label1\" content=\"Gesch\u00e4tzte Lesezeit\" \/>\n\t<meta name=\"twitter:data1\" content=\"1\u00a0Minute\" \/>\n<script type=\"application\/ld+json\" class=\"yoast-schema-graph\">{\"@context\":\"https:\/\/schema.org\",\"@graph\":[{\"@type\":\"WebPage\",\"@id\":\"https:\/\/vosse-schepers.de\/landhotel\/hotel\/\",\"url\":\"https:\/\/vosse-schepers.de\/landhotel\/hotel\/\",\"name\":\"Hotel - Landhotel Vosse Schepers\",\"isPartOf\":{\"@id\":\"https:\/\/vosse-schepers.de\/landhotel\/#website\"},\"datePublished\":\"2021-07-04T05:09:32+00:00\",\"dateModified\":\"2025-10-27T09:14:27+00:00\",\"description\":\"Kurzurlaub im Emsland mit und ohne Fahrrad im Landhotel Vosse-Schepers\",\"breadcrumb\":{\"@id\":\"https:\/\/vosse-schepers.de\/landhotel\/hotel\/#breadcrumb\"},\"inLanguage\":\"de\",\"potentialAction\":[{\"@type\":\"ReadAction\",\"target\":[\"https:\/\/vosse-schepers.de\/landhotel\/hotel\/\"]}]},{\"@type\":\"BreadcrumbList\",\"@id\":\"https:\/\/vosse-schepers.de\/landhotel\/hotel\/#breadcrumb\",\"itemListElement\":[{\"@type\":\"ListItem\",\"position\":1,\"name\":\"Startseite\",\"item\":\"https:\/\/vosse-schepers.de\/landhotel\/\"},{\"@type\":\"ListItem\",\"position\":2,\"name\":\"Hotel\"}]},{\"@type\":\"WebSite\",\"@id\":\"https:\/\/vosse-schepers.de\/landhotel\/#website\",\"url\":\"https:\/\/vosse-schepers.de\/landhotel\/\",\"name\":\"Landhotel Vosse Schepers\",\"description\":\"\",\"publisher\":{\"@id\":\"https:\/\/vosse-schepers.de\/landhotel\/#organization\"},\"potentialAction\":[{\"@type\":\"SearchAction\",\"target\":{\"@type\":\"EntryPoint\",\"urlTemplate\":\"https:\/\/vosse-schepers.de\/landhotel\/?s={search_term_string}\"},\"query-input\":{\"@type\":\"PropertyValueSpecification\",\"valueRequired\":true,\"valueName\":\"search_term_string\"}}],\"inLanguage\":\"de\"},{\"@type\":\"Organization\",\"@id\":\"https:\/\/vosse-schepers.de\/landhotel\/#organization\",\"name\":\"Landhotel Vosse Schepers\",\"url\":\"https:\/\/vosse-schepers.de\/landhotel\/\",\"logo\":{\"@type\":\"ImageObject\",\"inLanguage\":\"de\",\"@id\":\"https:\/\/vosse-schepers.de\/landhotel\/#\/schema\/logo\/image\/\",\"url\":\"https:\/\/vosse-schepers.de\/landhotel\/wp-content\/uploads\/2021\/07\/LogoVosseGelb_weiss_Logo.png\",\"contentUrl\":\"https:\/\/vosse-schepers.de\/landhotel\/wp-content\/uploads\/2021\/07\/LogoVosseGelb_weiss_Logo.png\",\"width\":218,\"height\":150,\"caption\":\"Landhotel Vosse Schepers\"},\"image\":{\"@id\":\"https:\/\/vosse-schepers.de\/landhotel\/#\/schema\/logo\/image\/\"}}]}<\/script>\n<!-- \/ Yoast SEO plugin. -->","yoast_head_json":{"title":"Hotel - Landhotel Vosse Schepers","description":"Kurzurlaub im Emsland mit und ohne Fahrrad im Landhotel Vosse-Schepers","robots":{"index":"index","follow":"follow","max-snippet":"max-snippet:-1","max-image-preview":"max-image-preview:large","max-video-preview":"max-video-preview:-1"},"canonical":"https:\/\/vosse-schepers.de\/landhotel\/hotel\/","og_locale":"de_DE","og_type":"article","og_title":"Hotel - Landhotel Vosse Schepers","og_description":"Kurzurlaub im Emsland mit und ohne Fahrrad im Landhotel Vosse-Schepers","og_url":"https:\/\/vosse-schepers.de\/landhotel\/hotel\/","og_site_name":"Landhotel Vosse Schepers","article_modified_time":"2025-10-27T09:14:27+00:00","twitter_card":"summary_large_image","twitter_misc":{"Gesch\u00e4tzte Lesezeit":"1\u00a0Minute"},"schema":{"@context":"https:\/\/schema.org","@graph":[{"@type":"WebPage","@id":"https:\/\/vosse-schepers.de\/landhotel\/hotel\/","url":"https:\/\/vosse-schepers.de\/landhotel\/hotel\/","name":"Hotel - Landhotel Vosse Schepers","isPartOf":{"@id":"https:\/\/vosse-schepers.de\/landhotel\/#website"},"datePublished":"2021-07-04T05:09:32+00:00","dateModified":"2025-10-27T09:14:27+00:00","description":"Kurzurlaub im Emsland mit und ohne Fahrrad im Landhotel Vosse-Schepers","breadcrumb":{"@id":"https:\/\/vosse-schepers.de\/landhotel\/hotel\/#breadcrumb"},"inLanguage":"de","potentialAction":[{"@type":"ReadAction","target":["https:\/\/vosse-schepers.de\/landhotel\/hotel\/"]}]},{"@type":"BreadcrumbList","@id":"https:\/\/vosse-schepers.de\/landhotel\/hotel\/#breadcrumb","itemListElement":[{"@type":"ListItem","position":1,"name":"Startseite","item":"https:\/\/vosse-schepers.de\/landhotel\/"},{"@type":"ListItem","position":2,"name":"Hotel"}]},{"@type":"WebSite","@id":"https:\/\/vosse-schepers.de\/landhotel\/#website","url":"https:\/\/vosse-schepers.de\/landhotel\/","name":"Landhotel Vosse Schepers","description":"","publisher":{"@id":"https:\/\/vosse-schepers.de\/landhotel\/#organization"},"potentialAction":[{"@type":"SearchAction","target":{"@type":"EntryPoint","urlTemplate":"https:\/\/vosse-schepers.de\/landhotel\/?s={search_term_string}"},"query-input":{"@type":"PropertyValueSpecification","valueRequired":true,"valueName":"search_term_string"}}],"inLanguage":"de"},{"@type":"Organization","@id":"https:\/\/vosse-schepers.de\/landhotel\/#organization","name":"Landhotel Vosse Schepers","url":"https:\/\/vosse-schepers.de\/landhotel\/","logo":{"@type":"ImageObject","inLanguage":"de","@id":"https:\/\/vosse-schepers.de\/landhotel\/#\/schema\/logo\/image\/","url":"https:\/\/vosse-schepers.de\/landhotel\/wp-content\/uploads\/2021\/07\/LogoVosseGelb_weiss_Logo.png","contentUrl":"https:\/\/vosse-schepers.de\/landhotel\/wp-content\/uploads\/2021\/07\/LogoVosseGelb_weiss_Logo.png","width":218,"height":150,"caption":"Landhotel Vosse Schepers"},"image":{"@id":"https:\/\/vosse-schepers.de\/landhotel\/#\/schema\/logo\/image\/"}}]}},"_links":{"self":[{"href":"https:\/\/vosse-schepers.de\/landhotel\/wp-json\/wp\/v2\/pages\/59","targetHints":{"allow":["GET"]}}],"collection":[{"href":"https:\/\/vosse-schepers.de\/landhotel\/wp-json\/wp\/v2\/pages"}],"about":[{"href":"https:\/\/vosse-schepers.de\/landhotel\/wp-json\/wp\/v2\/types\/page"}],"author":[{"embeddable":true,"href":"https:\/\/vosse-schepers.de\/landhotel\/wp-json\/wp\/v2\/users\/1"}],"replies":[{"embeddable":true,"href":"https:\/\/vosse-schepers.de\/landhotel\/wp-json\/wp\/v2\/comments?post=59"}],"version-history":[{"count":30,"href":"https:\/\/vosse-schepers.de\/landhotel\/wp-json\/wp\/v2\/pages\/59\/revisions"}],"predecessor-version":[{"id":997,"href":"https:\/\/vosse-schepers.de\/landhotel\/wp-json\/wp\/v2\/pages\/59\/revisions\/997"}],"wp:attachment":[{"href":"https:\/\/vosse-schepers.de\/landhotel\/wp-json\/wp\/v2\/media?parent=59"}],"curies":[{"name":"wp","href":"https:\/\/api.w.org\/{rel}","templated":true}]}}