{"id":706,"date":"2022-11-23T11:03:03","date_gmt":"2022-11-23T10:03:03","guid":{"rendered":"https:\/\/vosse-schepers.de\/landhotel\/?page_id=706"},"modified":"2025-01-04T14:12:42","modified_gmt":"2025-01-04T13:12:42","slug":"menue-bankettkarte","status":"publish","type":"page","link":"https:\/\/vosse-schepers.de\/landhotel\/menue-bankettkarte\/","title":{"rendered":"Men\u00fc- &#038; Bankettkarte"},"content":{"rendered":"<a href=\"https:\/\/vosse-schepers.de\/landhotel\/wp-content\/uploads\/2025\/01\/Speisen-Angebote-2024.pdf\" class=\"pdfemb-viewer\" style=\"\" data-width=\"max\" data-height=\"max\" data-toolbar=\"bottom\" data-toolbar-fixed=\"off\">Speisen-Angebote-2024<\/a>","protected":false},"excerpt":{"rendered":"","protected":false},"author":3,"featured_media":0,"parent":0,"menu_order":0,"comment_status":"closed","ping_status":"closed","template":"","meta":{"ngg_post_thumbnail":0,"footnotes":""},"class_list":["post-706","page","type-page","status-publish","hentry"],"yoast_head":"<!-- This site is optimized with the Yoast SEO plugin v27.2 - https:\/\/yoast.com\/product\/yoast-seo-wordpress\/ -->\n<title>Men\u00fc- &amp; Bankettkarte - Landhotel Vosse Schepers<\/title>\n<meta name=\"description\" content=\"In unserer Men\u00fc- &amp; Bankettkarte finden Sie eine Auswahl an Gerichten und Men\u00fcs f\u00fcr Ihre Feierlichkeit.\" \/>\n<meta name=\"robots\" content=\"index, follow, max-snippet:-1, max-image-preview:large, max-video-preview:-1\" \/>\n<link rel=\"canonical\" href=\"https:\/\/vosse-schepers.de\/landhotel\/menue-bankettkarte\/\" \/>\n<meta property=\"og:locale\" content=\"de_DE\" \/>\n<meta property=\"og:type\" content=\"article\" \/>\n<meta property=\"og:title\" content=\"Men\u00fc- &amp; Bankettkarte - Landhotel Vosse Schepers\" \/>\n<meta property=\"og:description\" content=\"In unserer Men\u00fc- &amp; Bankettkarte finden Sie eine Auswahl an Gerichten und Men\u00fcs f\u00fcr Ihre Feierlichkeit.\" \/>\n<meta property=\"og:url\" content=\"https:\/\/vosse-schepers.de\/landhotel\/menue-bankettkarte\/\" \/>\n<meta property=\"og:site_name\" content=\"Landhotel Vosse Schepers\" \/>\n<meta property=\"article:modified_time\" content=\"2025-01-04T13:12:42+00:00\" \/>\n<meta name=\"twitter:card\" content=\"summary_large_image\" \/>\n<script type=\"application\/ld+json\" class=\"yoast-schema-graph\">{\"@context\":\"https:\/\/schema.org\",\"@graph\":[{\"@type\":\"WebPage\",\"@id\":\"https:\/\/vosse-schepers.de\/landhotel\/menue-bankettkarte\/\",\"url\":\"https:\/\/vosse-schepers.de\/landhotel\/menue-bankettkarte\/\",\"name\":\"Men\u00fc- & Bankettkarte - Landhotel Vosse Schepers\",\"isPartOf\":{\"@id\":\"https:\/\/vosse-schepers.de\/landhotel\/#website\"},\"datePublished\":\"2022-11-23T10:03:03+00:00\",\"dateModified\":\"2025-01-04T13:12:42+00:00\",\"description\":\"In unserer Men\u00fc- & Bankettkarte finden Sie eine Auswahl an Gerichten und Men\u00fcs f\u00fcr Ihre Feierlichkeit.\",\"breadcrumb\":{\"@id\":\"https:\/\/vosse-schepers.de\/landhotel\/menue-bankettkarte\/#breadcrumb\"},\"inLanguage\":\"de\",\"potentialAction\":[{\"@type\":\"ReadAction\",\"target\":[\"https:\/\/vosse-schepers.de\/landhotel\/menue-bankettkarte\/\"]}]},{\"@type\":\"BreadcrumbList\",\"@id\":\"https:\/\/vosse-schepers.de\/landhotel\/menue-bankettkarte\/#breadcrumb\",\"itemListElement\":[{\"@type\":\"ListItem\",\"position\":1,\"name\":\"Startseite\",\"item\":\"https:\/\/vosse-schepers.de\/landhotel\/\"},{\"@type\":\"ListItem\",\"position\":2,\"name\":\"Men\u00fc- &#038; Bankettkarte\"}]},{\"@type\":\"WebSite\",\"@id\":\"https:\/\/vosse-schepers.de\/landhotel\/#website\",\"url\":\"https:\/\/vosse-schepers.de\/landhotel\/\",\"name\":\"Landhotel Vosse Schepers\",\"description\":\"\",\"publisher\":{\"@id\":\"https:\/\/vosse-schepers.de\/landhotel\/#organization\"},\"potentialAction\":[{\"@type\":\"SearchAction\",\"target\":{\"@type\":\"EntryPoint\",\"urlTemplate\":\"https:\/\/vosse-schepers.de\/landhotel\/?s={search_term_string}\"},\"query-input\":{\"@type\":\"PropertyValueSpecification\",\"valueRequired\":true,\"valueName\":\"search_term_string\"}}],\"inLanguage\":\"de\"},{\"@type\":\"Organization\",\"@id\":\"https:\/\/vosse-schepers.de\/landhotel\/#organization\",\"name\":\"Landhotel Vosse Schepers\",\"url\":\"https:\/\/vosse-schepers.de\/landhotel\/\",\"logo\":{\"@type\":\"ImageObject\",\"inLanguage\":\"de\",\"@id\":\"https:\/\/vosse-schepers.de\/landhotel\/#\/schema\/logo\/image\/\",\"url\":\"https:\/\/vosse-schepers.de\/landhotel\/wp-content\/uploads\/2021\/07\/LogoVosseGelb_weiss_Logo.png\",\"contentUrl\":\"https:\/\/vosse-schepers.de\/landhotel\/wp-content\/uploads\/2021\/07\/LogoVosseGelb_weiss_Logo.png\",\"width\":218,\"height\":150,\"caption\":\"Landhotel Vosse Schepers\"},\"image\":{\"@id\":\"https:\/\/vosse-schepers.de\/landhotel\/#\/schema\/logo\/image\/\"}}]}<\/script>\n<!-- \/ Yoast SEO plugin. -->","yoast_head_json":{"title":"Men\u00fc- & Bankettkarte - Landhotel Vosse Schepers","description":"In unserer Men\u00fc- & Bankettkarte finden Sie eine Auswahl an Gerichten und Men\u00fcs f\u00fcr Ihre Feierlichkeit.","robots":{"index":"index","follow":"follow","max-snippet":"max-snippet:-1","max-image-preview":"max-image-preview:large","max-video-preview":"max-video-preview:-1"},"canonical":"https:\/\/vosse-schepers.de\/landhotel\/menue-bankettkarte\/","og_locale":"de_DE","og_type":"article","og_title":"Men\u00fc- & Bankettkarte - Landhotel Vosse Schepers","og_description":"In unserer Men\u00fc- & Bankettkarte finden Sie eine Auswahl an Gerichten und Men\u00fcs f\u00fcr Ihre Feierlichkeit.","og_url":"https:\/\/vosse-schepers.de\/landhotel\/menue-bankettkarte\/","og_site_name":"Landhotel Vosse Schepers","article_modified_time":"2025-01-04T13:12:42+00:00","twitter_card":"summary_large_image","schema":{"@context":"https:\/\/schema.org","@graph":[{"@type":"WebPage","@id":"https:\/\/vosse-schepers.de\/landhotel\/menue-bankettkarte\/","url":"https:\/\/vosse-schepers.de\/landhotel\/menue-bankettkarte\/","name":"Men\u00fc- & Bankettkarte - Landhotel Vosse Schepers","isPartOf":{"@id":"https:\/\/vosse-schepers.de\/landhotel\/#website"},"datePublished":"2022-11-23T10:03:03+00:00","dateModified":"2025-01-04T13:12:42+00:00","description":"In unserer Men\u00fc- & Bankettkarte finden Sie eine Auswahl an Gerichten und Men\u00fcs f\u00fcr Ihre Feierlichkeit.","breadcrumb":{"@id":"https:\/\/vosse-schepers.de\/landhotel\/menue-bankettkarte\/#breadcrumb"},"inLanguage":"de","potentialAction":[{"@type":"ReadAction","target":["https:\/\/vosse-schepers.de\/landhotel\/menue-bankettkarte\/"]}]},{"@type":"BreadcrumbList","@id":"https:\/\/vosse-schepers.de\/landhotel\/menue-bankettkarte\/#breadcrumb","itemListElement":[{"@type":"ListItem","position":1,"name":"Startseite","item":"https:\/\/vosse-schepers.de\/landhotel\/"},{"@type":"ListItem","position":2,"name":"Men\u00fc- &#038; Bankettkarte"}]},{"@type":"WebSite","@id":"https:\/\/vosse-schepers.de\/landhotel\/#website","url":"https:\/\/vosse-schepers.de\/landhotel\/","name":"Landhotel Vosse Schepers","description":"","publisher":{"@id":"https:\/\/vosse-schepers.de\/landhotel\/#organization"},"potentialAction":[{"@type":"SearchAction","target":{"@type":"EntryPoint","urlTemplate":"https:\/\/vosse-schepers.de\/landhotel\/?s={search_term_string}"},"query-input":{"@type":"PropertyValueSpecification","valueRequired":true,"valueName":"search_term_string"}}],"inLanguage":"de"},{"@type":"Organization","@id":"https:\/\/vosse-schepers.de\/landhotel\/#organization","name":"Landhotel Vosse Schepers","url":"https:\/\/vosse-schepers.de\/landhotel\/","logo":{"@type":"ImageObject","inLanguage":"de","@id":"https:\/\/vosse-schepers.de\/landhotel\/#\/schema\/logo\/image\/","url":"https:\/\/vosse-schepers.de\/landhotel\/wp-content\/uploads\/2021\/07\/LogoVosseGelb_weiss_Logo.png","contentUrl":"https:\/\/vosse-schepers.de\/landhotel\/wp-content\/uploads\/2021\/07\/LogoVosseGelb_weiss_Logo.png","width":218,"height":150,"caption":"Landhotel Vosse Schepers"},"image":{"@id":"https:\/\/vosse-schepers.de\/landhotel\/#\/schema\/logo\/image\/"}}]}},"_links":{"self":[{"href":"https:\/\/vosse-schepers.de\/landhotel\/wp-json\/wp\/v2\/pages\/706","targetHints":{"allow":["GET"]}}],"collection":[{"href":"https:\/\/vosse-schepers.de\/landhotel\/wp-json\/wp\/v2\/pages"}],"about":[{"href":"https:\/\/vosse-schepers.de\/landhotel\/wp-json\/wp\/v2\/types\/page"}],"author":[{"embeddable":true,"href":"https:\/\/vosse-schepers.de\/landhotel\/wp-json\/wp\/v2\/users\/3"}],"replies":[{"embeddable":true,"href":"https:\/\/vosse-schepers.de\/landhotel\/wp-json\/wp\/v2\/comments?post=706"}],"version-history":[{"count":7,"href":"https:\/\/vosse-schepers.de\/landhotel\/wp-json\/wp\/v2\/pages\/706\/revisions"}],"predecessor-version":[{"id":934,"href":"https:\/\/vosse-schepers.de\/landhotel\/wp-json\/wp\/v2\/pages\/706\/revisions\/934"}],"wp:attachment":[{"href":"https:\/\/vosse-schepers.de\/landhotel\/wp-json\/wp\/v2\/media?parent=706"}],"curies":[{"name":"wp","href":"https:\/\/api.w.org\/{rel}","templated":true}]}}