{"id":93,"date":"2021-07-04T08:19:36","date_gmt":"2021-07-04T06:19:36","guid":{"rendered":"https:\/\/vosse-schepers.de\/landhotel\/?page_id=93"},"modified":"2025-01-04T14:14:55","modified_gmt":"2025-01-04T13:14:55","slug":"angebote-fuer-reise-und-bus-gruppen","status":"publish","type":"page","link":"https:\/\/vosse-schepers.de\/landhotel\/hotel\/angebote-fuer-reise-und-bus-gruppen\/","title":{"rendered":"Angebote f\u00fcr Reise- und Bus-Gruppen"},"content":{"rendered":"\n<p><strong>Leistungs-Angebot:<\/strong><\/p>\n\n\n\n<ul class=\"wp-block-list\">\n<li>Bo\u00dfel-Wanderungen<\/li>\n\n\n\n<li>Leihfahrr\u00e4der<\/li>\n\n\n\n<li>Lunchbox \u2013 Halbpension \u2013 Vollpension<\/li>\n\n\n\n<li>Tourenpl\u00e4ne<\/li>\n\n\n\n<li>Kegelspa\u00df<\/li>\n\n\n\n<li>Weinproben<\/li>\n\n\n\n<li>R\u00e4ucherfisch, aus unserem R\u00e4ucher-Ofen<\/li>\n\n\n\n<li>Grill-Abend auf der Terrasse<\/li>\n<\/ul>\n\n\n\n<p><strong>Gern erstellen wir f\u00fcr Sie Pauschal-Angebote f\u00fcr mehrt\u00e4gige Reisen inklusive Verpflegung und Ausflugsprogramm-M\u00f6glichkeiten.<\/strong><\/p>\n\n\n\n<ul class=\"wp-block-list\">\n<li><strong>Reisegruppen-Info<\/strong><\/li>\n\n\n\n<li><strong>Rad-Tour-Vorschl\u00e4ge<\/strong><\/li>\n\n\n\n<li><strong>Bus-Reise Offerte<\/strong><\/li>\n<\/ul>\n\n\n\n<p><\/p>\n","protected":false},"excerpt":{"rendered":"<p>Leistungs-Angebot: Gern erstellen wir f\u00fcr Sie Pauschal-Angebote f\u00fcr mehrt\u00e4gige Reisen inklusive Verpflegung und Ausflugsprogramm-M\u00f6glichkeiten.<\/p>\n","protected":false},"author":1,"featured_media":0,"parent":59,"menu_order":0,"comment_status":"closed","ping_status":"closed","template":"","meta":{"ngg_post_thumbnail":0,"footnotes":""},"class_list":["post-93","page","type-page","status-publish","hentry"],"yoast_head":"<!-- This site is optimized with the Yoast SEO plugin v27.2 - https:\/\/yoast.com\/product\/yoast-seo-wordpress\/ -->\n<title>Angebote f\u00fcr Reise- und Bus-Gruppen - Landhotel Vosse Schepers<\/title>\n<meta name=\"robots\" content=\"index, follow, max-snippet:-1, max-image-preview:large, max-video-preview:-1\" \/>\n<link rel=\"canonical\" href=\"https:\/\/vosse-schepers.de\/landhotel\/hotel\/angebote-fuer-reise-und-bus-gruppen\/\" \/>\n<meta property=\"og:locale\" content=\"de_DE\" \/>\n<meta property=\"og:type\" content=\"article\" \/>\n<meta property=\"og:title\" content=\"Angebote f\u00fcr Reise- und Bus-Gruppen - Landhotel Vosse Schepers\" \/>\n<meta property=\"og:description\" content=\"Leistungs-Angebot: Gern erstellen wir f\u00fcr Sie Pauschal-Angebote f\u00fcr mehrt\u00e4gige Reisen inklusive Verpflegung und Ausflugsprogramm-M\u00f6glichkeiten.\" \/>\n<meta property=\"og:url\" content=\"https:\/\/vosse-schepers.de\/landhotel\/hotel\/angebote-fuer-reise-und-bus-gruppen\/\" \/>\n<meta property=\"og:site_name\" content=\"Landhotel Vosse Schepers\" \/>\n<meta property=\"article:modified_time\" content=\"2025-01-04T13:14:55+00:00\" \/>\n<meta name=\"twitter:card\" content=\"summary_large_image\" \/>\n<meta name=\"twitter:label1\" content=\"Gesch\u00e4tzte Lesezeit\" \/>\n\t<meta name=\"twitter:data1\" content=\"1\u00a0Minute\" \/>\n<script type=\"application\/ld+json\" class=\"yoast-schema-graph\">{\"@context\":\"https:\/\/schema.org\",\"@graph\":[{\"@type\":\"WebPage\",\"@id\":\"https:\/\/vosse-schepers.de\/landhotel\/hotel\/angebote-fuer-reise-und-bus-gruppen\/\",\"url\":\"https:\/\/vosse-schepers.de\/landhotel\/hotel\/angebote-fuer-reise-und-bus-gruppen\/\",\"name\":\"Angebote f\u00fcr Reise- und Bus-Gruppen - Landhotel Vosse Schepers\",\"isPartOf\":{\"@id\":\"https:\/\/vosse-schepers.de\/landhotel\/#website\"},\"datePublished\":\"2021-07-04T06:19:36+00:00\",\"dateModified\":\"2025-01-04T13:14:55+00:00\",\"breadcrumb\":{\"@id\":\"https:\/\/vosse-schepers.de\/landhotel\/hotel\/angebote-fuer-reise-und-bus-gruppen\/#breadcrumb\"},\"inLanguage\":\"de\",\"potentialAction\":[{\"@type\":\"ReadAction\",\"target\":[\"https:\/\/vosse-schepers.de\/landhotel\/hotel\/angebote-fuer-reise-und-bus-gruppen\/\"]}]},{\"@type\":\"BreadcrumbList\",\"@id\":\"https:\/\/vosse-schepers.de\/landhotel\/hotel\/angebote-fuer-reise-und-bus-gruppen\/#breadcrumb\",\"itemListElement\":[{\"@type\":\"ListItem\",\"position\":1,\"name\":\"Startseite\",\"item\":\"https:\/\/vosse-schepers.de\/landhotel\/\"},{\"@type\":\"ListItem\",\"position\":2,\"name\":\"Hotel\",\"item\":\"https:\/\/vosse-schepers.de\/landhotel\/hotel\/\"},{\"@type\":\"ListItem\",\"position\":3,\"name\":\"Angebote f\u00fcr Reise- und Bus-Gruppen\"}]},{\"@type\":\"WebSite\",\"@id\":\"https:\/\/vosse-schepers.de\/landhotel\/#website\",\"url\":\"https:\/\/vosse-schepers.de\/landhotel\/\",\"name\":\"Landhotel Vosse Schepers\",\"description\":\"\",\"publisher\":{\"@id\":\"https:\/\/vosse-schepers.de\/landhotel\/#organization\"},\"potentialAction\":[{\"@type\":\"SearchAction\",\"target\":{\"@type\":\"EntryPoint\",\"urlTemplate\":\"https:\/\/vosse-schepers.de\/landhotel\/?s={search_term_string}\"},\"query-input\":{\"@type\":\"PropertyValueSpecification\",\"valueRequired\":true,\"valueName\":\"search_term_string\"}}],\"inLanguage\":\"de\"},{\"@type\":\"Organization\",\"@id\":\"https:\/\/vosse-schepers.de\/landhotel\/#organization\",\"name\":\"Landhotel Vosse Schepers\",\"url\":\"https:\/\/vosse-schepers.de\/landhotel\/\",\"logo\":{\"@type\":\"ImageObject\",\"inLanguage\":\"de\",\"@id\":\"https:\/\/vosse-schepers.de\/landhotel\/#\/schema\/logo\/image\/\",\"url\":\"https:\/\/vosse-schepers.de\/landhotel\/wp-content\/uploads\/2021\/07\/LogoVosseGelb_weiss_Logo.png\",\"contentUrl\":\"https:\/\/vosse-schepers.de\/landhotel\/wp-content\/uploads\/2021\/07\/LogoVosseGelb_weiss_Logo.png\",\"width\":218,\"height\":150,\"caption\":\"Landhotel Vosse Schepers\"},\"image\":{\"@id\":\"https:\/\/vosse-schepers.de\/landhotel\/#\/schema\/logo\/image\/\"}}]}<\/script>\n<!-- \/ Yoast SEO plugin. -->","yoast_head_json":{"title":"Angebote f\u00fcr Reise- und Bus-Gruppen - Landhotel Vosse Schepers","robots":{"index":"index","follow":"follow","max-snippet":"max-snippet:-1","max-image-preview":"max-image-preview:large","max-video-preview":"max-video-preview:-1"},"canonical":"https:\/\/vosse-schepers.de\/landhotel\/hotel\/angebote-fuer-reise-und-bus-gruppen\/","og_locale":"de_DE","og_type":"article","og_title":"Angebote f\u00fcr Reise- und Bus-Gruppen - Landhotel Vosse Schepers","og_description":"Leistungs-Angebot: Gern erstellen wir f\u00fcr Sie Pauschal-Angebote f\u00fcr mehrt\u00e4gige Reisen inklusive Verpflegung und Ausflugsprogramm-M\u00f6glichkeiten.","og_url":"https:\/\/vosse-schepers.de\/landhotel\/hotel\/angebote-fuer-reise-und-bus-gruppen\/","og_site_name":"Landhotel Vosse Schepers","article_modified_time":"2025-01-04T13:14:55+00:00","twitter_card":"summary_large_image","twitter_misc":{"Gesch\u00e4tzte Lesezeit":"1\u00a0Minute"},"schema":{"@context":"https:\/\/schema.org","@graph":[{"@type":"WebPage","@id":"https:\/\/vosse-schepers.de\/landhotel\/hotel\/angebote-fuer-reise-und-bus-gruppen\/","url":"https:\/\/vosse-schepers.de\/landhotel\/hotel\/angebote-fuer-reise-und-bus-gruppen\/","name":"Angebote f\u00fcr Reise- und Bus-Gruppen - Landhotel Vosse Schepers","isPartOf":{"@id":"https:\/\/vosse-schepers.de\/landhotel\/#website"},"datePublished":"2021-07-04T06:19:36+00:00","dateModified":"2025-01-04T13:14:55+00:00","breadcrumb":{"@id":"https:\/\/vosse-schepers.de\/landhotel\/hotel\/angebote-fuer-reise-und-bus-gruppen\/#breadcrumb"},"inLanguage":"de","potentialAction":[{"@type":"ReadAction","target":["https:\/\/vosse-schepers.de\/landhotel\/hotel\/angebote-fuer-reise-und-bus-gruppen\/"]}]},{"@type":"BreadcrumbList","@id":"https:\/\/vosse-schepers.de\/landhotel\/hotel\/angebote-fuer-reise-und-bus-gruppen\/#breadcrumb","itemListElement":[{"@type":"ListItem","position":1,"name":"Startseite","item":"https:\/\/vosse-schepers.de\/landhotel\/"},{"@type":"ListItem","position":2,"name":"Hotel","item":"https:\/\/vosse-schepers.de\/landhotel\/hotel\/"},{"@type":"ListItem","position":3,"name":"Angebote f\u00fcr Reise- und Bus-Gruppen"}]},{"@type":"WebSite","@id":"https:\/\/vosse-schepers.de\/landhotel\/#website","url":"https:\/\/vosse-schepers.de\/landhotel\/","name":"Landhotel Vosse Schepers","description":"","publisher":{"@id":"https:\/\/vosse-schepers.de\/landhotel\/#organization"},"potentialAction":[{"@type":"SearchAction","target":{"@type":"EntryPoint","urlTemplate":"https:\/\/vosse-schepers.de\/landhotel\/?s={search_term_string}"},"query-input":{"@type":"PropertyValueSpecification","valueRequired":true,"valueName":"search_term_string"}}],"inLanguage":"de"},{"@type":"Organization","@id":"https:\/\/vosse-schepers.de\/landhotel\/#organization","name":"Landhotel Vosse Schepers","url":"https:\/\/vosse-schepers.de\/landhotel\/","logo":{"@type":"ImageObject","inLanguage":"de","@id":"https:\/\/vosse-schepers.de\/landhotel\/#\/schema\/logo\/image\/","url":"https:\/\/vosse-schepers.de\/landhotel\/wp-content\/uploads\/2021\/07\/LogoVosseGelb_weiss_Logo.png","contentUrl":"https:\/\/vosse-schepers.de\/landhotel\/wp-content\/uploads\/2021\/07\/LogoVosseGelb_weiss_Logo.png","width":218,"height":150,"caption":"Landhotel Vosse Schepers"},"image":{"@id":"https:\/\/vosse-schepers.de\/landhotel\/#\/schema\/logo\/image\/"}}]}},"_links":{"self":[{"href":"https:\/\/vosse-schepers.de\/landhotel\/wp-json\/wp\/v2\/pages\/93","targetHints":{"allow":["GET"]}}],"collection":[{"href":"https:\/\/vosse-schepers.de\/landhotel\/wp-json\/wp\/v2\/pages"}],"about":[{"href":"https:\/\/vosse-schepers.de\/landhotel\/wp-json\/wp\/v2\/types\/page"}],"author":[{"embeddable":true,"href":"https:\/\/vosse-schepers.de\/landhotel\/wp-json\/wp\/v2\/users\/1"}],"replies":[{"embeddable":true,"href":"https:\/\/vosse-schepers.de\/landhotel\/wp-json\/wp\/v2\/comments?post=93"}],"version-history":[{"count":4,"href":"https:\/\/vosse-schepers.de\/landhotel\/wp-json\/wp\/v2\/pages\/93\/revisions"}],"predecessor-version":[{"id":935,"href":"https:\/\/vosse-schepers.de\/landhotel\/wp-json\/wp\/v2\/pages\/93\/revisions\/935"}],"up":[{"embeddable":true,"href":"https:\/\/vosse-schepers.de\/landhotel\/wp-json\/wp\/v2\/pages\/59"}],"wp:attachment":[{"href":"https:\/\/vosse-schepers.de\/landhotel\/wp-json\/wp\/v2\/media?parent=93"}],"curies":[{"name":"wp","href":"https:\/\/api.w.org\/{rel}","templated":true}]}}